{"id":21481,"date":"2026-01-04T15:23:27","date_gmt":"2026-01-04T12:23:27","guid":{"rendered":"https:\/\/panelpromosyon.com\/?product=966-a-sertifika-ve-menu-kabi-6247"},"modified":"2026-05-16T00:56:47","modified_gmt":"2026-05-15T21:56:47","slug":"966-a-sertifika-ve-menu-kabi-6247","status":"publish","type":"product","link":"https:\/\/panelpromosyon.com\/?product=966-a-sertifika-ve-menu-kabi-6247","title":{"rendered":"966-A Sertifika ve Men\u00fc Kab\u0131"},"content":{"rendered":"<ul>\n<li> Kapal\u0131 Ebat: 15 x 22 cm\n<li> A\u00e7\u0131k Ebat: 30 x 22 cm<\/li>\n<\/ul>\n","protected":false},"excerpt":{"rendered":"<p>Kapal\u0131 Ebat: 15 x 22 cm A\u00e7\u0131k Ebat: 30 x 22 cm<\/p>\n","protected":false},"featured_media":26901,"comment_status":"open","ping_status":"closed","template":"","meta":{"_monsterinsights_skip_tracking":false,"_monsterinsights_sitenote_active":false,"_monsterinsights_sitenote_note":"","_monsterinsights_sitenote_category":0},"product_brand":[],"product_cat":[217],"product_tag":[],"class_list":{"0":"post-21481","1":"product","2":"type-product","3":"status-publish","4":"has-post-thumbnail","6":"product_cat-karisik-urunler-137","7":"pa_ie-nt-ebat-15-x-22-cm","8":"pa_ie-nt-ebat-675","9":"pa_ie-nt-ebat-5-x-26-cm","10":"pa_ie-nt-kirmizi-urun-hayir","11":"pa_ie-nt-uretim-hayir","13":"first","14":"instock","15":"taxable","16":"shipping-taxable","17":"purchasable","18":"product-type-variable","19":"has-default-attributes"},"aioseo_notices":[],"_links":{"self":[{"href":"https:\/\/panelpromosyon.com\/index.php?rest_route=\/wp\/v2\/product\/21481","targetHints":{"allow":["GET"]}}],"collection":[{"href":"https:\/\/panelpromosyon.com\/index.php?rest_route=\/wp\/v2\/product"}],"about":[{"href":"https:\/\/panelpromosyon.com\/index.php?rest_route=\/wp\/v2\/types\/product"}],"replies":[{"embeddable":true,"href":"https:\/\/panelpromosyon.com\/index.php?rest_route=%2Fwp%2Fv2%2Fcomments&post=21481"}],"wp:featuredmedia":[{"embeddable":true,"href":"https:\/\/panelpromosyon.com\/index.php?rest_route=\/wp\/v2\/media\/26901"}],"wp:attachment":[{"href":"https:\/\/panelpromosyon.com\/index.php?rest_route=%2Fwp%2Fv2%2Fmedia&parent=21481"}],"wp:term":[{"taxonomy":"product_brand","embeddable":true,"href":"https:\/\/panelpromosyon.com\/index.php?rest_route=%2Fwp%2Fv2%2Fproduct_brand&post=21481"},{"taxonomy":"product_cat","embeddable":true,"href":"https:\/\/panelpromosyon.com\/index.php?rest_route=%2Fwp%2Fv2%2Fproduct_cat&post=21481"},{"taxonomy":"product_tag","embeddable":true,"href":"https:\/\/panelpromosyon.com\/index.php?rest_route=%2Fwp%2Fv2%2Fproduct_tag&post=21481"}],"curies":[{"name":"wp","href":"https:\/\/api.w.org\/{rel}","templated":true}]}}