{"id":21402,"date":"2026-01-04T15:21:15","date_gmt":"2026-01-04T12:21:15","guid":{"rendered":"https:\/\/panelpromosyon.com\/?product=v30-551-av-plastik-duvar-saati-9393"},"modified":"2026-04-17T23:08:59","modified_gmt":"2026-04-17T20:08:59","slug":"v30-551-av-plastik-duvar-saati-9393","status":"publish","type":"product","link":"https:\/\/panelpromosyon.com\/?product=v30-551-av-plastik-duvar-saati-9393","title":{"rendered":"V30-551-AV Plastik Duvar Saati"},"content":{"rendered":"<ul>\n<li> Ebat: 40 cm\n<li> \u00c7er\u00e7eve: Plastik\n<li> Kadran: Bristol\n<li> Saniye: Akar\n<li> Cam: Mineral\n<li> Bask\u0131: Ofset, Dijital\n<li> Koli Adeti: 10\n<li> Not: Alt\u0131n Varak kadranlar di\u011fer renklerede\tuygulanabilir.<\/li>\n<\/ul>\n","protected":false},"excerpt":{"rendered":"<p>Ebat: 40 cm \u00c7er\u00e7eve: Plastik Kadran: Bristol Saniye: Akar Cam: Mineral Bask\u0131: Ofset, Dijital Koli Adeti: 10 Not: Alt\u0131n Varak kadranlar di\u011fer renklerede uygulanabilir.<\/p>\n","protected":false},"featured_media":26798,"comment_status":"open","ping_status":"closed","template":"","meta":{"_monsterinsights_skip_tracking":false,"_monsterinsights_sitenote_active":false,"_monsterinsights_sitenote_note":"","_monsterinsights_sitenote_category":0},"product_brand":[],"product_cat":[228],"product_tag":[],"class_list":{"0":"post-21402","1":"product","2":"type-product","3":"status-publish","4":"has-post-thumbnail","6":"product_cat-plastik-duvar-saatleri-52","7":"pa_ie-nt-ebat-o-40-cm","8":"pa_ie-nt-kirmizi-urun-hayir","9":"pa_ie-nt-uretim-evet","11":"first","12":"instock","13":"taxable","14":"shipping-taxable","15":"purchasable","16":"product-type-simple"},"aioseo_notices":[],"_links":{"self":[{"href":"https:\/\/panelpromosyon.com\/index.php?rest_route=\/wp\/v2\/product\/21402","targetHints":{"allow":["GET"]}}],"collection":[{"href":"https:\/\/panelpromosyon.com\/index.php?rest_route=\/wp\/v2\/product"}],"about":[{"href":"https:\/\/panelpromosyon.com\/index.php?rest_route=\/wp\/v2\/types\/product"}],"replies":[{"embeddable":true,"href":"https:\/\/panelpromosyon.com\/index.php?rest_route=%2Fwp%2Fv2%2Fcomments&post=21402"}],"wp:featuredmedia":[{"embeddable":true,"href":"https:\/\/panelpromosyon.com\/index.php?rest_route=\/wp\/v2\/media\/26798"}],"wp:attachment":[{"href":"https:\/\/panelpromosyon.com\/index.php?rest_route=%2Fwp%2Fv2%2Fmedia&parent=21402"}],"wp:term":[{"taxonomy":"product_brand","embeddable":true,"href":"https:\/\/panelpromosyon.com\/index.php?rest_route=%2Fwp%2Fv2%2Fproduct_brand&post=21402"},{"taxonomy":"product_cat","embeddable":true,"href":"https:\/\/panelpromosyon.com\/index.php?rest_route=%2Fwp%2Fv2%2Fproduct_cat&post=21402"},{"taxonomy":"product_tag","embeddable":true,"href":"https:\/\/panelpromosyon.com\/index.php?rest_route=%2Fwp%2Fv2%2Fproduct_tag&post=21402"}],"curies":[{"name":"wp","href":"https:\/\/api.w.org\/{rel}","templated":true}]}}