{"id":21335,"date":"2026-01-04T15:18:58","date_gmt":"2026-01-04T12:18:58","guid":{"rendered":"https:\/\/panelpromosyon.com\/?product=v30-504-f-plastik-duvar-saati-10294"},"modified":"2026-05-03T00:33:50","modified_gmt":"2026-05-02T21:33:50","slug":"v30-504-f-plastik-duvar-saati-10294","status":"publish","type":"product","link":"https:\/\/panelpromosyon.com\/?product=v30-504-f-plastik-duvar-saati-10294","title":{"rendered":"V30-504-F Plastik Duvar Saati"},"content":{"rendered":"<ul>\n<li> Ebat: 46 cm\n<li> \u00c7er\u00e7eve: Plastik\n<li> Kadran: Bristol\n<li> Saniye: Akar\n<li> Cam: Mineral\n<li> Bask\u0131: Ofset, Dijital\n<li> Koli Adeti: 10<\/li>\n<\/ul>\n","protected":false},"excerpt":{"rendered":"<p>Ebat: 46 cm \u00c7er\u00e7eve: Plastik Kadran: Bristol Saniye: Akar Cam: Mineral Bask\u0131: Ofset, Dijital Koli Adeti: 10<\/p>\n","protected":false},"featured_media":26726,"comment_status":"open","ping_status":"closed","template":"","meta":{"_monsterinsights_skip_tracking":false,"_monsterinsights_sitenote_active":false,"_monsterinsights_sitenote_note":"","_monsterinsights_sitenote_category":0},"product_brand":[],"product_cat":[228],"product_tag":[],"class_list":{"0":"post-21335","1":"product","2":"type-product","3":"status-publish","4":"has-post-thumbnail","6":"product_cat-plastik-duvar-saatleri-52","7":"pa_ie-nt-ebat-o-46-cm","8":"pa_ie-nt-kirmizi-urun-hayir","9":"pa_ie-nt-uretim-evet","11":"first","12":"instock","13":"taxable","14":"shipping-taxable","15":"purchasable","16":"product-type-simple"},"aioseo_notices":[],"_links":{"self":[{"href":"https:\/\/panelpromosyon.com\/index.php?rest_route=\/wp\/v2\/product\/21335","targetHints":{"allow":["GET"]}}],"collection":[{"href":"https:\/\/panelpromosyon.com\/index.php?rest_route=\/wp\/v2\/product"}],"about":[{"href":"https:\/\/panelpromosyon.com\/index.php?rest_route=\/wp\/v2\/types\/product"}],"replies":[{"embeddable":true,"href":"https:\/\/panelpromosyon.com\/index.php?rest_route=%2Fwp%2Fv2%2Fcomments&post=21335"}],"wp:featuredmedia":[{"embeddable":true,"href":"https:\/\/panelpromosyon.com\/index.php?rest_route=\/wp\/v2\/media\/26726"}],"wp:attachment":[{"href":"https:\/\/panelpromosyon.com\/index.php?rest_route=%2Fwp%2Fv2%2Fmedia&parent=21335"}],"wp:term":[{"taxonomy":"product_brand","embeddable":true,"href":"https:\/\/panelpromosyon.com\/index.php?rest_route=%2Fwp%2Fv2%2Fproduct_brand&post=21335"},{"taxonomy":"product_cat","embeddable":true,"href":"https:\/\/panelpromosyon.com\/index.php?rest_route=%2Fwp%2Fv2%2Fproduct_cat&post=21335"},{"taxonomy":"product_tag","embeddable":true,"href":"https:\/\/panelpromosyon.com\/index.php?rest_route=%2Fwp%2Fv2%2Fproduct_tag&post=21335"}],"curies":[{"name":"wp","href":"https:\/\/api.w.org\/{rel}","templated":true}]}}