{"id":21307,"date":"2026-01-04T15:18:05","date_gmt":"2026-01-04T12:18:05","guid":{"rendered":"https:\/\/panelpromosyon.com\/?product=v30-660-k-plastik-duvar-saati-11084"},"modified":"2026-04-17T20:46:02","modified_gmt":"2026-04-17T17:46:02","slug":"v30-660-k-plastik-duvar-saati-11084","status":"publish","type":"product","link":"https:\/\/panelpromosyon.com\/?product=v30-660-k-plastik-duvar-saati-11084","title":{"rendered":"V30-660-K Plastik Duvar Saati"},"content":{"rendered":"<ul>\n<li> Ebat: 35 cm\n<li> \u00c7er\u00e7eve: Plastik\n<li> Kadran: Metal\n<li> Saniye: Akar\n<li> Cam: Mineral\n<li> Bask\u0131: Serigrafi, UV\n<li> Koli Adeti: 20<\/li>\n<\/ul>\n","protected":false},"excerpt":{"rendered":"<p>Ebat: 35 cm \u00c7er\u00e7eve: Plastik Kadran: Metal Saniye: Akar Cam: Mineral Bask\u0131: Serigrafi, UV Koli Adeti: 20<\/p>\n","protected":false},"featured_media":26694,"comment_status":"open","ping_status":"closed","template":"","meta":{"_monsterinsights_skip_tracking":false,"_monsterinsights_sitenote_active":false,"_monsterinsights_sitenote_note":"","_monsterinsights_sitenote_category":0},"product_brand":[],"product_cat":[228],"product_tag":[],"class_list":{"0":"post-21307","1":"product","2":"type-product","3":"status-publish","4":"has-post-thumbnail","6":"product_cat-plastik-duvar-saatleri-52","7":"pa_ie-nt-ebat-o-35-cm","8":"pa_ie-nt-kirmizi-urun-hayir","9":"pa_ie-nt-uretim-hayir","11":"first","12":"instock","13":"taxable","14":"shipping-taxable","15":"purchasable","16":"product-type-simple"},"aioseo_notices":[],"_links":{"self":[{"href":"https:\/\/panelpromosyon.com\/index.php?rest_route=\/wp\/v2\/product\/21307","targetHints":{"allow":["GET"]}}],"collection":[{"href":"https:\/\/panelpromosyon.com\/index.php?rest_route=\/wp\/v2\/product"}],"about":[{"href":"https:\/\/panelpromosyon.com\/index.php?rest_route=\/wp\/v2\/types\/product"}],"replies":[{"embeddable":true,"href":"https:\/\/panelpromosyon.com\/index.php?rest_route=%2Fwp%2Fv2%2Fcomments&post=21307"}],"wp:featuredmedia":[{"embeddable":true,"href":"https:\/\/panelpromosyon.com\/index.php?rest_route=\/wp\/v2\/media\/26694"}],"wp:attachment":[{"href":"https:\/\/panelpromosyon.com\/index.php?rest_route=%2Fwp%2Fv2%2Fmedia&parent=21307"}],"wp:term":[{"taxonomy":"product_brand","embeddable":true,"href":"https:\/\/panelpromosyon.com\/index.php?rest_route=%2Fwp%2Fv2%2Fproduct_brand&post=21307"},{"taxonomy":"product_cat","embeddable":true,"href":"https:\/\/panelpromosyon.com\/index.php?rest_route=%2Fwp%2Fv2%2Fproduct_cat&post=21307"},{"taxonomy":"product_tag","embeddable":true,"href":"https:\/\/panelpromosyon.com\/index.php?rest_route=%2Fwp%2Fv2%2Fproduct_tag&post=21307"}],"curies":[{"name":"wp","href":"https:\/\/api.w.org\/{rel}","templated":true}]}}