{"id":21278,"date":"2026-01-04T15:17:19","date_gmt":"2026-01-04T12:17:19","guid":{"rendered":"https:\/\/panelpromosyon.com\/?product=gd-012-renkli-yapiskanli-notluk-11625"},"modified":"2026-04-27T20:48:06","modified_gmt":"2026-04-27T17:48:06","slug":"gd-012-renkli-yapiskanli-notluk-11625","status":"publish","type":"product","link":"https:\/\/panelpromosyon.com\/?product=gd-012-renkli-yapiskanli-notluk-11625","title":{"rendered":"GD-012 Renkli Yap\u0131\u015fkanl\u0131 Notluk"},"content":{"rendered":"<ul>\n<li> Ebat: 8.5 x 14 cm\n<li> Bask\u0131: UV, Serigrafi\n<li> Sayfa Say\u0131s\u0131: 140\n<li> \u00c7izgili\n<li> Ka\u011f\u0131t: 70 gr. krem\n<li> Kalem Tutucu: Var\n<li> Cilt: Spiralli\n<li> Kapak: S\u0131vama\n<li> Yap\u0131\u015fkanl\u0131 Notluk: Var\n<li> Kalem aksesuard\u0131r.<\/li>\n<\/ul>\n","protected":false},"excerpt":{"rendered":"<p>Ebat: 8.5 x 14 cm Bask\u0131: UV, Serigrafi Sayfa Say\u0131s\u0131: 140 \u00c7izgili Ka\u011f\u0131t: 70 gr. krem Kalem Tutucu: Var Cilt: Spiralli Kapak: S\u0131vama Yap\u0131\u015fkanl\u0131 Notluk: Var Kalem aksesuard\u0131r.<\/p>\n","protected":false},"featured_media":26649,"comment_status":"open","ping_status":"closed","template":"","meta":{"_monsterinsights_skip_tracking":false,"_monsterinsights_sitenote_active":false,"_monsterinsights_sitenote_note":"","_monsterinsights_sitenote_category":0},"product_brand":[],"product_cat":[231],"product_tag":[],"class_list":{"0":"post-21278","1":"product","2":"type-product","3":"status-publish","4":"has-post-thumbnail","6":"product_cat-geri-donusum-urunler-99","7":"pa_ie-nt-ebat-85-x-14-cm","8":"pa_ie-nt-kirmizi-urun-hayir","9":"pa_ie-nt-uretim-evet","11":"first","12":"instock","13":"taxable","14":"shipping-taxable","15":"purchasable","16":"product-type-simple"},"aioseo_notices":[],"_links":{"self":[{"href":"https:\/\/panelpromosyon.com\/index.php?rest_route=\/wp\/v2\/product\/21278","targetHints":{"allow":["GET"]}}],"collection":[{"href":"https:\/\/panelpromosyon.com\/index.php?rest_route=\/wp\/v2\/product"}],"about":[{"href":"https:\/\/panelpromosyon.com\/index.php?rest_route=\/wp\/v2\/types\/product"}],"replies":[{"embeddable":true,"href":"https:\/\/panelpromosyon.com\/index.php?rest_route=%2Fwp%2Fv2%2Fcomments&post=21278"}],"wp:featuredmedia":[{"embeddable":true,"href":"https:\/\/panelpromosyon.com\/index.php?rest_route=\/wp\/v2\/media\/26649"}],"wp:attachment":[{"href":"https:\/\/panelpromosyon.com\/index.php?rest_route=%2Fwp%2Fv2%2Fmedia&parent=21278"}],"wp:term":[{"taxonomy":"product_brand","embeddable":true,"href":"https:\/\/panelpromosyon.com\/index.php?rest_route=%2Fwp%2Fv2%2Fproduct_brand&post=21278"},{"taxonomy":"product_cat","embeddable":true,"href":"https:\/\/panelpromosyon.com\/index.php?rest_route=%2Fwp%2Fv2%2Fproduct_cat&post=21278"},{"taxonomy":"product_tag","embeddable":true,"href":"https:\/\/panelpromosyon.com\/index.php?rest_route=%2Fwp%2Fv2%2Fproduct_tag&post=21278"}],"curies":[{"name":"wp","href":"https:\/\/api.w.org\/{rel}","templated":true}]}}