{"id":21263,"date":"2026-01-04T15:16:54","date_gmt":"2026-01-04T12:16:54","guid":{"rendered":"https:\/\/panelpromosyon.com\/?product=0555-165-k-kirmizi-tukenmez-kalem-11782"},"modified":"2026-05-15T16:26:37","modified_gmt":"2026-05-15T13:26:37","slug":"0555-165-k-kirmizi-tukenmez-kalem-11782","status":"publish","type":"product","link":"https:\/\/panelpromosyon.com\/?product=0555-165-k-kirmizi-tukenmez-kalem-11782","title":{"rendered":"0555-165-K K\u0131rm\u0131z\u0131 T\u00fckenmez Kalem"},"content":{"rendered":"<ul>\n<li> \u0130nce<\/li>\n<\/ul>\n","protected":false},"excerpt":{"rendered":"<p>\u0130nce<\/p>\n","protected":false},"featured_media":26622,"comment_status":"open","ping_status":"closed","template":"","meta":{"_monsterinsights_skip_tracking":false,"_monsterinsights_sitenote_active":false,"_monsterinsights_sitenote_note":"","_monsterinsights_sitenote_category":0},"product_brand":[],"product_cat":[223],"product_tag":[],"class_list":{"0":"post-21263","1":"product","2":"type-product","3":"status-publish","4":"has-post-thumbnail","6":"product_cat-metal-kalemler-82","7":"pa_ie-nt-kirmizi-urun-hayir","8":"pa_ie-nt-renk-kirmizi","9":"pa_ie-nt-uretim-hayir","11":"first","12":"onbackorder","13":"taxable","14":"shipping-taxable","15":"purchasable","16":"product-type-simple"},"aioseo_notices":[],"_links":{"self":[{"href":"https:\/\/panelpromosyon.com\/index.php?rest_route=\/wp\/v2\/product\/21263","targetHints":{"allow":["GET"]}}],"collection":[{"href":"https:\/\/panelpromosyon.com\/index.php?rest_route=\/wp\/v2\/product"}],"about":[{"href":"https:\/\/panelpromosyon.com\/index.php?rest_route=\/wp\/v2\/types\/product"}],"replies":[{"embeddable":true,"href":"https:\/\/panelpromosyon.com\/index.php?rest_route=%2Fwp%2Fv2%2Fcomments&post=21263"}],"wp:featuredmedia":[{"embeddable":true,"href":"https:\/\/panelpromosyon.com\/index.php?rest_route=\/wp\/v2\/media\/26622"}],"wp:attachment":[{"href":"https:\/\/panelpromosyon.com\/index.php?rest_route=%2Fwp%2Fv2%2Fmedia&parent=21263"}],"wp:term":[{"taxonomy":"product_brand","embeddable":true,"href":"https:\/\/panelpromosyon.com\/index.php?rest_route=%2Fwp%2Fv2%2Fproduct_brand&post=21263"},{"taxonomy":"product_cat","embeddable":true,"href":"https:\/\/panelpromosyon.com\/index.php?rest_route=%2Fwp%2Fv2%2Fproduct_cat&post=21263"},{"taxonomy":"product_tag","embeddable":true,"href":"https:\/\/panelpromosyon.com\/index.php?rest_route=%2Fwp%2Fv2%2Fproduct_tag&post=21263"}],"curies":[{"name":"wp","href":"https:\/\/api.w.org\/{rel}","templated":true}]}}