{"id":21223,"date":"2026-01-04T15:16:22","date_gmt":"2026-01-04T12:16:22","guid":{"rendered":"https:\/\/panelpromosyon.com\/?product=pwb-20-powerbank-11946"},"modified":"2026-05-15T22:25:39","modified_gmt":"2026-05-15T19:25:39","slug":"pwb-20-powerbank-11946","status":"publish","type":"product","link":"https:\/\/panelpromosyon.com\/?product=pwb-20-powerbank-11946","title":{"rendered":"PWB-20 Powerbank"},"content":{"rendered":"<ul>\n<li> G\u00f6sterge: 3. Nesil LCD\n<li> Giri\u015f: Micro USB ve Type C 2\n<li> \u00c7\u0131k\u0131\u015f: 2A USB A\n<li> Kasa Malzemesi: ABS\n<li> Bask\u0131: Lazer ve UV Renkli\n<li> Kutu: Var\n<li> LED Fenerli<\/li>\n<\/ul>\n","protected":false},"excerpt":{"rendered":"<p>G\u00f6sterge: 3. Nesil LCD Giri\u015f: Micro USB ve Type C 2 \u00c7\u0131k\u0131\u015f: 2A USB A Kasa Malzemesi: ABS Bask\u0131: Lazer ve UV Renkli Kutu: Var LED Fenerli<\/p>\n","protected":false},"featured_media":26555,"comment_status":"open","ping_status":"closed","template":"","meta":{"_monsterinsights_skip_tracking":false,"_monsterinsights_sitenote_active":false,"_monsterinsights_sitenote_note":"","_monsterinsights_sitenote_category":0},"product_brand":[],"product_cat":[245],"product_tag":[],"class_list":{"0":"post-21223","1":"product","2":"type-product","3":"status-publish","4":"has-post-thumbnail","6":"product_cat-powerbank-101","7":"pa_ie-nt-ebat-20-000-mah","8":"pa_ie-nt-kirmizi-urun-hayir","9":"pa_ie-nt-uretim-hayir","11":"first","12":"instock","13":"taxable","14":"shipping-taxable","15":"purchasable","16":"product-type-simple"},"aioseo_notices":[],"_links":{"self":[{"href":"https:\/\/panelpromosyon.com\/index.php?rest_route=\/wp\/v2\/product\/21223","targetHints":{"allow":["GET"]}}],"collection":[{"href":"https:\/\/panelpromosyon.com\/index.php?rest_route=\/wp\/v2\/product"}],"about":[{"href":"https:\/\/panelpromosyon.com\/index.php?rest_route=\/wp\/v2\/types\/product"}],"replies":[{"embeddable":true,"href":"https:\/\/panelpromosyon.com\/index.php?rest_route=%2Fwp%2Fv2%2Fcomments&post=21223"}],"wp:featuredmedia":[{"embeddable":true,"href":"https:\/\/panelpromosyon.com\/index.php?rest_route=\/wp\/v2\/media\/26555"}],"wp:attachment":[{"href":"https:\/\/panelpromosyon.com\/index.php?rest_route=%2Fwp%2Fv2%2Fmedia&parent=21223"}],"wp:term":[{"taxonomy":"product_brand","embeddable":true,"href":"https:\/\/panelpromosyon.com\/index.php?rest_route=%2Fwp%2Fv2%2Fproduct_brand&post=21223"},{"taxonomy":"product_cat","embeddable":true,"href":"https:\/\/panelpromosyon.com\/index.php?rest_route=%2Fwp%2Fv2%2Fproduct_cat&post=21223"},{"taxonomy":"product_tag","embeddable":true,"href":"https:\/\/panelpromosyon.com\/index.php?rest_route=%2Fwp%2Fv2%2Fproduct_tag&post=21223"}],"curies":[{"name":"wp","href":"https:\/\/api.w.org\/{rel}","templated":true}]}}