{"id":21148,"date":"2026-01-04T15:15:07","date_gmt":"2026-01-04T12:15:07","guid":{"rendered":"https:\/\/panelpromosyon.com\/?product=v30-965-b-aluminyum-duvar-saati-12902"},"modified":"2026-05-15T16:17:17","modified_gmt":"2026-05-15T13:17:17","slug":"v30-965-b-aluminyum-duvar-saati-12902","status":"publish","type":"product","link":"https:\/\/panelpromosyon.com\/?product=v30-965-b-aluminyum-duvar-saati-12902","title":{"rendered":"V30-965-B Al\u00fcminyum Duvar Saati"},"content":{"rendered":"<ul>\n<li> Ebat: 30 cm\n<li> \u00c7er\u00e7eve: Al\u00fcminyum\n<li> Kadran: Bristol\n<li> Saniye: Akar\n<li> Cam: Mineral\n<li> Bask\u0131: Ofset, Dijital,\n<li> Koli Adeti: 20<\/li>\n<\/ul>\n","protected":false},"excerpt":{"rendered":"<p>Ebat: 30 cm \u00c7er\u00e7eve: Al\u00fcminyum Kadran: Bristol Saniye: Akar Cam: Mineral Bask\u0131: Ofset, Dijital, Koli Adeti: 20<\/p>\n","protected":false},"featured_media":26455,"comment_status":"open","ping_status":"closed","template":"","meta":{"_monsterinsights_skip_tracking":false,"_monsterinsights_sitenote_active":false,"_monsterinsights_sitenote_note":"","_monsterinsights_sitenote_category":0},"product_brand":[],"product_cat":[227],"product_tag":[],"class_list":{"0":"post-21148","1":"product","2":"type-product","3":"status-publish","4":"has-post-thumbnail","6":"product_cat-metal-duvar-saatleri-11","7":"pa_ie-nt-ebat-o-30-cm","8":"pa_ie-nt-kirmizi-urun-hayir","9":"pa_ie-nt-uretim-hayir","11":"first","12":"instock","13":"taxable","14":"shipping-taxable","15":"purchasable","16":"product-type-simple"},"aioseo_notices":[],"_links":{"self":[{"href":"https:\/\/panelpromosyon.com\/index.php?rest_route=\/wp\/v2\/product\/21148","targetHints":{"allow":["GET"]}}],"collection":[{"href":"https:\/\/panelpromosyon.com\/index.php?rest_route=\/wp\/v2\/product"}],"about":[{"href":"https:\/\/panelpromosyon.com\/index.php?rest_route=\/wp\/v2\/types\/product"}],"replies":[{"embeddable":true,"href":"https:\/\/panelpromosyon.com\/index.php?rest_route=%2Fwp%2Fv2%2Fcomments&post=21148"}],"wp:featuredmedia":[{"embeddable":true,"href":"https:\/\/panelpromosyon.com\/index.php?rest_route=\/wp\/v2\/media\/26455"}],"wp:attachment":[{"href":"https:\/\/panelpromosyon.com\/index.php?rest_route=%2Fwp%2Fv2%2Fmedia&parent=21148"}],"wp:term":[{"taxonomy":"product_brand","embeddable":true,"href":"https:\/\/panelpromosyon.com\/index.php?rest_route=%2Fwp%2Fv2%2Fproduct_brand&post=21148"},{"taxonomy":"product_cat","embeddable":true,"href":"https:\/\/panelpromosyon.com\/index.php?rest_route=%2Fwp%2Fv2%2Fproduct_cat&post=21148"},{"taxonomy":"product_tag","embeddable":true,"href":"https:\/\/panelpromosyon.com\/index.php?rest_route=%2Fwp%2Fv2%2Fproduct_tag&post=21148"}],"curies":[{"name":"wp","href":"https:\/\/api.w.org\/{rel}","templated":true}]}}