{"id":21113,"date":"2026-01-04T15:13:57","date_gmt":"2026-01-04T12:13:57","guid":{"rendered":"https:\/\/panelpromosyon.com\/?product=fethiye-hediyelik-set-13102"},"modified":"2026-04-17T20:45:05","modified_gmt":"2026-04-17T17:45:05","slug":"fethiye-hediyelik-set-13102","status":"publish","type":"product","link":"https:\/\/panelpromosyon.com\/?product=fethiye-hediyelik-set-13102","title":{"rendered":"Fethiye Hediyelik Set"},"content":{"rendered":"<ul>\n<li> Termo Deri Defter 13 x 21 cm (Beylikd\u00fcz\u00fc)\n<li> Powerbank 10.000 mAh (PWB-900)\n<li> Metal Kalem Roller ve T\u00fckenmez Kalem (0555-340 \/ 0555-345)\n<li> USB Bellek 16 GB (8113)\n<li> Kartvizitlik (KVZ-007)\n<li> Kutu: Cilt Bezi<\/li>\n<\/ul>\n","protected":false},"excerpt":{"rendered":"<p>Termo Deri Defter 13 x 21 cm (Beylikd\u00fcz\u00fc) Powerbank 10.000 mAh (PWB-900) Metal Kalem Roller ve T\u00fckenmez Kalem (0555-340 \/ 0555-345) USB Bellek 16 GB (8113) Kartvizitlik (KVZ-007) Kutu: Cilt Bezi<\/p>\n","protected":false},"featured_media":26400,"comment_status":"open","ping_status":"closed","template":"","meta":{"_monsterinsights_skip_tracking":false,"_monsterinsights_sitenote_active":false,"_monsterinsights_sitenote_note":"","_monsterinsights_sitenote_category":0},"product_brand":[],"product_cat":[233],"product_tag":[],"class_list":{"0":"post-21113","1":"product","2":"type-product","3":"status-publish","4":"has-post-thumbnail","6":"product_cat-hediyelik-setler-116","7":"pa_ie-nt-ebat-38-x-28-x-55-cm","8":"pa_ie-nt-kirmizi-urun-hayir","9":"pa_ie-nt-uretim-hayir","11":"first","12":"instock","13":"taxable","14":"shipping-taxable","15":"purchasable","16":"product-type-simple"},"aioseo_notices":[],"_links":{"self":[{"href":"https:\/\/panelpromosyon.com\/index.php?rest_route=\/wp\/v2\/product\/21113","targetHints":{"allow":["GET"]}}],"collection":[{"href":"https:\/\/panelpromosyon.com\/index.php?rest_route=\/wp\/v2\/product"}],"about":[{"href":"https:\/\/panelpromosyon.com\/index.php?rest_route=\/wp\/v2\/types\/product"}],"replies":[{"embeddable":true,"href":"https:\/\/panelpromosyon.com\/index.php?rest_route=%2Fwp%2Fv2%2Fcomments&post=21113"}],"wp:featuredmedia":[{"embeddable":true,"href":"https:\/\/panelpromosyon.com\/index.php?rest_route=\/wp\/v2\/media\/26400"}],"wp:attachment":[{"href":"https:\/\/panelpromosyon.com\/index.php?rest_route=%2Fwp%2Fv2%2Fmedia&parent=21113"}],"wp:term":[{"taxonomy":"product_brand","embeddable":true,"href":"https:\/\/panelpromosyon.com\/index.php?rest_route=%2Fwp%2Fv2%2Fproduct_brand&post=21113"},{"taxonomy":"product_cat","embeddable":true,"href":"https:\/\/panelpromosyon.com\/index.php?rest_route=%2Fwp%2Fv2%2Fproduct_cat&post=21113"},{"taxonomy":"product_tag","embeddable":true,"href":"https:\/\/panelpromosyon.com\/index.php?rest_route=%2Fwp%2Fv2%2Fproduct_tag&post=21113"}],"curies":[{"name":"wp","href":"https:\/\/api.w.org\/{rel}","templated":true}]}}