{"id":21071,"date":"2026-01-04T15:13:25","date_gmt":"2026-01-04T12:13:25","guid":{"rendered":"https:\/\/panelpromosyon.com\/?product=sultanbeyli-t-turuncu-tarihsiz-defter-13334"},"modified":"2026-04-17T13:43:54","modified_gmt":"2026-04-17T10:43:54","slug":"sultanbeyli-t-turuncu-tarihsiz-defter-13334","status":"publish","type":"product","link":"https:\/\/panelpromosyon.com\/?product=sultanbeyli-t-turuncu-tarihsiz-defter-13334","title":{"rendered":"Sultanbeyli-T Turuncu Tarihsiz Defter"},"content":{"rendered":"<ul>\n<li> Deri: Termo\n<li> Ebat: 16 x 24 cm\n<li> Lastikli\n<li> Kalem Tutucu: Var\n<li> Bask\u0131: Gofre, UV\n<li> Koli Adeti: 52\n<li> Sayfa Stili: Kareli\n<li> Sayfa Say\u0131s\u0131: 240\n<li> Ka\u011f\u0131t: 80 gram (Ivory) Krem<\/li>\n<\/ul>\n","protected":false},"excerpt":{"rendered":"<p>Deri: Termo Ebat: 16 x 24 cm Lastikli Kalem Tutucu: Var Bask\u0131: Gofre, UV Koli Adeti: 52 Sayfa Stili: Kareli Sayfa Say\u0131s\u0131: 240 Ka\u011f\u0131t: 80 gram (Ivory) Krem<\/p>\n","protected":false},"featured_media":26307,"comment_status":"open","ping_status":"closed","template":"","meta":{"_monsterinsights_skip_tracking":false,"_monsterinsights_sitenote_active":false,"_monsterinsights_sitenote_note":"","_monsterinsights_sitenote_category":0},"product_brand":[],"product_cat":[220],"product_tag":[],"class_list":{"0":"post-21071","1":"product","2":"type-product","3":"status-publish","4":"has-post-thumbnail","6":"product_cat-defterler-25","7":"pa_ie-nt-ebat-16-x-24-cm","8":"pa_ie-nt-kirmizi-urun-hayir","9":"pa_ie-nt-renk-gri","10":"pa_ie-nt-renk-kirmizi","11":"pa_ie-nt-renk-lacivert","12":"pa_ie-nt-renk-siyah","13":"pa_ie-nt-renk-taba","14":"pa_ie-nt-renk-turkuaz","15":"pa_ie-nt-renk-turuncu","16":"pa_ie-nt-uretim-hayir","18":"first","19":"instock","20":"taxable","21":"shipping-taxable","22":"purchasable","23":"product-type-variable","24":"has-default-attributes"},"aioseo_notices":[],"_links":{"self":[{"href":"https:\/\/panelpromosyon.com\/index.php?rest_route=\/wp\/v2\/product\/21071","targetHints":{"allow":["GET"]}}],"collection":[{"href":"https:\/\/panelpromosyon.com\/index.php?rest_route=\/wp\/v2\/product"}],"about":[{"href":"https:\/\/panelpromosyon.com\/index.php?rest_route=\/wp\/v2\/types\/product"}],"replies":[{"embeddable":true,"href":"https:\/\/panelpromosyon.com\/index.php?rest_route=%2Fwp%2Fv2%2Fcomments&post=21071"}],"wp:featuredmedia":[{"embeddable":true,"href":"https:\/\/panelpromosyon.com\/index.php?rest_route=\/wp\/v2\/media\/26307"}],"wp:attachment":[{"href":"https:\/\/panelpromosyon.com\/index.php?rest_route=%2Fwp%2Fv2%2Fmedia&parent=21071"}],"wp:term":[{"taxonomy":"product_brand","embeddable":true,"href":"https:\/\/panelpromosyon.com\/index.php?rest_route=%2Fwp%2Fv2%2Fproduct_brand&post=21071"},{"taxonomy":"product_cat","embeddable":true,"href":"https:\/\/panelpromosyon.com\/index.php?rest_route=%2Fwp%2Fv2%2Fproduct_cat&post=21071"},{"taxonomy":"product_tag","embeddable":true,"href":"https:\/\/panelpromosyon.com\/index.php?rest_route=%2Fwp%2Fv2%2Fproduct_tag&post=21071"}],"curies":[{"name":"wp","href":"https:\/\/api.w.org\/{rel}","templated":true}]}}