{"id":21045,"date":"2026-01-04T15:13:08","date_gmt":"2026-01-04T12:13:08","guid":{"rendered":"https:\/\/panelpromosyon.com\/?product=9400-elmas-ahsap-masa-seti-13645"},"modified":"2026-04-27T21:18:22","modified_gmt":"2026-04-27T18:18:22","slug":"9400-elmas-ahsap-masa-seti-13645","status":"publish","type":"product","link":"https:\/\/panelpromosyon.com\/?product=9400-elmas-ahsap-masa-seti-13645","title":{"rendered":"9400 Elmas Ah\u015fap Masa Seti"},"content":{"rendered":"<ul>\n<li> Ebat: 16 x 36 cm\n<li> Bask\u0131 Alan\u0131: 35 x 65 mm\n<li> ME Bask\u0131 Alan\u0131: 15 x 160 mm<\/li>\n<\/ul>\n","protected":false},"excerpt":{"rendered":"<p>Ebat: 16 x 36 cm Bask\u0131 Alan\u0131: 35 x 65 mm ME Bask\u0131 Alan\u0131: 15 x 160 mm<\/p>\n","protected":false},"featured_media":26247,"comment_status":"open","ping_status":"closed","template":"","meta":{"_monsterinsights_skip_tracking":false,"_monsterinsights_sitenote_active":false,"_monsterinsights_sitenote_note":"","_monsterinsights_sitenote_category":0},"product_brand":[],"product_cat":[239],"product_tag":[],"class_list":{"0":"post-21045","1":"product","2":"type-product","3":"status-publish","4":"has-post-thumbnail","6":"product_cat-masa-setleri-5","7":"pa_ie-nt-ebat-16-x-36-cm","8":"pa_ie-nt-kirmizi-urun-evet","9":"pa_ie-nt-uretim-hayir","11":"first","12":"instock","13":"taxable","14":"shipping-taxable","15":"purchasable","16":"product-type-simple"},"aioseo_notices":[],"_links":{"self":[{"href":"https:\/\/panelpromosyon.com\/index.php?rest_route=\/wp\/v2\/product\/21045","targetHints":{"allow":["GET"]}}],"collection":[{"href":"https:\/\/panelpromosyon.com\/index.php?rest_route=\/wp\/v2\/product"}],"about":[{"href":"https:\/\/panelpromosyon.com\/index.php?rest_route=\/wp\/v2\/types\/product"}],"replies":[{"embeddable":true,"href":"https:\/\/panelpromosyon.com\/index.php?rest_route=%2Fwp%2Fv2%2Fcomments&post=21045"}],"wp:featuredmedia":[{"embeddable":true,"href":"https:\/\/panelpromosyon.com\/index.php?rest_route=\/wp\/v2\/media\/26247"}],"wp:attachment":[{"href":"https:\/\/panelpromosyon.com\/index.php?rest_route=%2Fwp%2Fv2%2Fmedia&parent=21045"}],"wp:term":[{"taxonomy":"product_brand","embeddable":true,"href":"https:\/\/panelpromosyon.com\/index.php?rest_route=%2Fwp%2Fv2%2Fproduct_brand&post=21045"},{"taxonomy":"product_cat","embeddable":true,"href":"https:\/\/panelpromosyon.com\/index.php?rest_route=%2Fwp%2Fv2%2Fproduct_cat&post=21045"},{"taxonomy":"product_tag","embeddable":true,"href":"https:\/\/panelpromosyon.com\/index.php?rest_route=%2Fwp%2Fv2%2Fproduct_tag&post=21045"}],"curies":[{"name":"wp","href":"https:\/\/api.w.org\/{rel}","templated":true}]}}