{"id":20936,"date":"2026-01-04T15:11:31","date_gmt":"2026-01-04T12:11:31","guid":{"rendered":"https:\/\/panelpromosyon.com\/?product=pwb-225-powerbank-organizer-14157"},"modified":"2026-04-27T20:22:50","modified_gmt":"2026-04-27T17:22:50","slug":"pwb-225-powerbank-organizer-14157","status":"publish","type":"product","link":"https:\/\/panelpromosyon.com\/?product=pwb-225-powerbank-organizer-14157","title":{"rendered":"PWB-225 Powerbank Organizer"},"content":{"rendered":"<ul>\n<li> Ebat: A5\n<li> G\u00f6sterge: Kademeli LED\n<li> Giri\u015f: USB\n<li> \u00c7\u0131k\u0131\u015f: 2A USB A\n<li> Materyal: PU Deri\n<li> Bask\u0131: UV Renkli\n<li> Kutu: Var\n<li> 5W Wireless<\/li>\n<\/ul>\n","protected":false},"excerpt":{"rendered":"<p>Ebat: A5 G\u00f6sterge: Kademeli LED Giri\u015f: USB \u00c7\u0131k\u0131\u015f: 2A USB A Materyal: PU Deri Bask\u0131: UV Renkli Kutu: Var 5W Wireless<\/p>\n","protected":false},"featured_media":26080,"comment_status":"open","ping_status":"closed","template":"","meta":{"_monsterinsights_skip_tracking":false,"_monsterinsights_sitenote_active":false,"_monsterinsights_sitenote_note":"","_monsterinsights_sitenote_category":0},"product_brand":[],"product_cat":[242],"product_tag":[],"class_list":{"0":"post-20936","1":"product","2":"type-product","3":"status-publish","4":"has-post-thumbnail","6":"product_cat-powerbank-organizerler-38","7":"pa_ie-nt-ebat-6-500-mah","8":"pa_ie-nt-kirmizi-urun-hayir","9":"pa_ie-nt-uretim-hayir","11":"first","12":"instock","13":"taxable","14":"shipping-taxable","15":"purchasable","16":"product-type-simple"},"aioseo_notices":[],"_links":{"self":[{"href":"https:\/\/panelpromosyon.com\/index.php?rest_route=\/wp\/v2\/product\/20936","targetHints":{"allow":["GET"]}}],"collection":[{"href":"https:\/\/panelpromosyon.com\/index.php?rest_route=\/wp\/v2\/product"}],"about":[{"href":"https:\/\/panelpromosyon.com\/index.php?rest_route=\/wp\/v2\/types\/product"}],"replies":[{"embeddable":true,"href":"https:\/\/panelpromosyon.com\/index.php?rest_route=%2Fwp%2Fv2%2Fcomments&post=20936"}],"wp:featuredmedia":[{"embeddable":true,"href":"https:\/\/panelpromosyon.com\/index.php?rest_route=\/wp\/v2\/media\/26080"}],"wp:attachment":[{"href":"https:\/\/panelpromosyon.com\/index.php?rest_route=%2Fwp%2Fv2%2Fmedia&parent=20936"}],"wp:term":[{"taxonomy":"product_brand","embeddable":true,"href":"https:\/\/panelpromosyon.com\/index.php?rest_route=%2Fwp%2Fv2%2Fproduct_brand&post=20936"},{"taxonomy":"product_cat","embeddable":true,"href":"https:\/\/panelpromosyon.com\/index.php?rest_route=%2Fwp%2Fv2%2Fproduct_cat&post=20936"},{"taxonomy":"product_tag","embeddable":true,"href":"https:\/\/panelpromosyon.com\/index.php?rest_route=%2Fwp%2Fv2%2Fproduct_tag&post=20936"}],"curies":[{"name":"wp","href":"https:\/\/api.w.org\/{rel}","templated":true}]}}