{"id":20911,"date":"2026-01-04T15:11:00","date_gmt":"2026-01-04T12:11:00","guid":{"rendered":"https:\/\/panelpromosyon.com\/?product=kuzguncuk-l-lacivert-gunluk-ajanda-14285"},"modified":"2026-05-15T21:35:25","modified_gmt":"2026-05-15T18:35:25","slug":"kuzguncuk-l-lacivert-gunluk-ajanda-14285","status":"publish","type":"product","link":"https:\/\/panelpromosyon.com\/?product=kuzguncuk-l-lacivert-gunluk-ajanda-14285","title":{"rendered":"Kuzguncuk-L Lacivert G\u00fcnl\u00fck Ajanda"},"content":{"rendered":"<ul>\n<li> Deri: Termo\n<li> Ebat: 16 x 24 cm\n<li> Bask\u0131: Gofre, UV\n<li> Koli Adeti: 40\n<li> Sayfa Say\u0131s\u0131: 320\n<li> Ka\u011f\u0131t: 70 gram (Ivory) krem<\/li>\n<\/ul>\n","protected":false},"excerpt":{"rendered":"<p>Deri: Termo Ebat: 16 x 24 cm Bask\u0131: Gofre, UV Koli Adeti: 40 Sayfa Say\u0131s\u0131: 320 Ka\u011f\u0131t: 70 gram (Ivory) krem<\/p>\n","protected":false},"featured_media":26037,"comment_status":"open","ping_status":"closed","template":"","meta":{"_monsterinsights_skip_tracking":false,"_monsterinsights_sitenote_active":false,"_monsterinsights_sitenote_note":"","_monsterinsights_sitenote_category":0},"product_brand":[],"product_cat":[219],"product_tag":[],"class_list":{"0":"post-20911","1":"product","2":"type-product","3":"status-publish","4":"has-post-thumbnail","6":"product_cat-tarihli-ajandalar-19","7":"pa_ie-nt-ebat-16-x-24-cm","8":"pa_ie-nt-kirmizi-urun-hayir","9":"pa_ie-nt-renk-kirmizi","10":"pa_ie-nt-renk-lacivert","11":"pa_ie-nt-renk-siyah","12":"pa_ie-nt-renk-taba","13":"pa_ie-nt-uretim-hayir","15":"first","16":"onbackorder","17":"taxable","18":"shipping-taxable","19":"purchasable","20":"product-type-variable","21":"has-default-attributes"},"aioseo_notices":[],"_links":{"self":[{"href":"https:\/\/panelpromosyon.com\/index.php?rest_route=\/wp\/v2\/product\/20911","targetHints":{"allow":["GET"]}}],"collection":[{"href":"https:\/\/panelpromosyon.com\/index.php?rest_route=\/wp\/v2\/product"}],"about":[{"href":"https:\/\/panelpromosyon.com\/index.php?rest_route=\/wp\/v2\/types\/product"}],"replies":[{"embeddable":true,"href":"https:\/\/panelpromosyon.com\/index.php?rest_route=%2Fwp%2Fv2%2Fcomments&post=20911"}],"wp:featuredmedia":[{"embeddable":true,"href":"https:\/\/panelpromosyon.com\/index.php?rest_route=\/wp\/v2\/media\/26037"}],"wp:attachment":[{"href":"https:\/\/panelpromosyon.com\/index.php?rest_route=%2Fwp%2Fv2%2Fmedia&parent=20911"}],"wp:term":[{"taxonomy":"product_brand","embeddable":true,"href":"https:\/\/panelpromosyon.com\/index.php?rest_route=%2Fwp%2Fv2%2Fproduct_brand&post=20911"},{"taxonomy":"product_cat","embeddable":true,"href":"https:\/\/panelpromosyon.com\/index.php?rest_route=%2Fwp%2Fv2%2Fproduct_cat&post=20911"},{"taxonomy":"product_tag","embeddable":true,"href":"https:\/\/panelpromosyon.com\/index.php?rest_route=%2Fwp%2Fv2%2Fproduct_tag&post=20911"}],"curies":[{"name":"wp","href":"https:\/\/api.w.org\/{rel}","templated":true}]}}