{"id":20462,"date":"2026-01-04T15:05:51","date_gmt":"2026-01-04T12:05:51","guid":{"rendered":"https:\/\/panelpromosyon.com\/?product=an-3820-tek-yon-anahtarlik-15443"},"modified":"2026-05-15T16:35:16","modified_gmt":"2026-05-15T13:35:16","slug":"an-3820-tek-yon-anahtarlik-15443","status":"publish","type":"product","link":"https:\/\/panelpromosyon.com\/?product=an-3820-tek-yon-anahtarlik-15443","title":{"rendered":"AN-3820 Tek Y\u00f6n Anahtarl\u0131k"},"content":{"rendered":"<ul>\n<li> Ebat: 3 x 8.3 cm\n<li> Bask\u0131: Lazer\n<li> Y\u00f6n: Tek Y\u00f6nl\u00fc\n<li> Telefon ve Tablet Tutucu<\/li>\n<\/ul>\n","protected":false},"excerpt":{"rendered":"<p>Ebat: 3 x 8.3 cm Bask\u0131: Lazer Y\u00f6n: Tek Y\u00f6nl\u00fc Telefon ve Tablet Tutucu<\/p>\n","protected":false},"featured_media":25390,"comment_status":"open","ping_status":"closed","template":"","meta":{"_monsterinsights_skip_tracking":false,"_monsterinsights_sitenote_active":false,"_monsterinsights_sitenote_note":"","_monsterinsights_sitenote_category":0},"product_brand":[],"product_cat":[248],"product_tag":[],"class_list":{"0":"post-20462","1":"product","2":"type-product","3":"status-publish","4":"has-post-thumbnail","6":"product_cat-anahtarliklar-13","7":"pa_ie-nt-ebat-3-x-83-cm","8":"pa_ie-nt-kirmizi-urun-hayir","9":"pa_ie-nt-uretim-hayir","11":"first","12":"onbackorder","13":"taxable","14":"shipping-taxable","15":"purchasable","16":"product-type-simple"},"aioseo_notices":[],"_links":{"self":[{"href":"https:\/\/panelpromosyon.com\/index.php?rest_route=\/wp\/v2\/product\/20462","targetHints":{"allow":["GET"]}}],"collection":[{"href":"https:\/\/panelpromosyon.com\/index.php?rest_route=\/wp\/v2\/product"}],"about":[{"href":"https:\/\/panelpromosyon.com\/index.php?rest_route=\/wp\/v2\/types\/product"}],"replies":[{"embeddable":true,"href":"https:\/\/panelpromosyon.com\/index.php?rest_route=%2Fwp%2Fv2%2Fcomments&post=20462"}],"wp:featuredmedia":[{"embeddable":true,"href":"https:\/\/panelpromosyon.com\/index.php?rest_route=\/wp\/v2\/media\/25390"}],"wp:attachment":[{"href":"https:\/\/panelpromosyon.com\/index.php?rest_route=%2Fwp%2Fv2%2Fmedia&parent=20462"}],"wp:term":[{"taxonomy":"product_brand","embeddable":true,"href":"https:\/\/panelpromosyon.com\/index.php?rest_route=%2Fwp%2Fv2%2Fproduct_brand&post=20462"},{"taxonomy":"product_cat","embeddable":true,"href":"https:\/\/panelpromosyon.com\/index.php?rest_route=%2Fwp%2Fv2%2Fproduct_cat&post=20462"},{"taxonomy":"product_tag","embeddable":true,"href":"https:\/\/panelpromosyon.com\/index.php?rest_route=%2Fwp%2Fv2%2Fproduct_tag&post=20462"}],"curies":[{"name":"wp","href":"https:\/\/api.w.org\/{rel}","templated":true}]}}