{"id":20380,"date":"2026-01-04T15:04:01","date_gmt":"2026-01-04T12:04:01","guid":{"rendered":"https:\/\/panelpromosyon.com\/?product=v30-346-kh-kahverengi-plastik-duvar-saati-15622"},"modified":"2026-05-15T17:44:15","modified_gmt":"2026-05-15T14:44:15","slug":"v30-346-kh-kahverengi-plastik-duvar-saati-15622","status":"publish","type":"product","link":"https:\/\/panelpromosyon.com\/?product=v30-346-kh-kahverengi-plastik-duvar-saati-15622","title":{"rendered":"V30-346-KH Kahverengi Plastik Duvar Saati"},"content":{"rendered":"<ul>\n<li> Ebat: 40 cm\n<li> \u00c7er\u00e7eve: Plastik\n<li> Kadran: Bristol\n<li> Saniye: Akar\n<li> Cam: Mineral\n<li> Bask\u0131: Ofset, Dijital\n<li> Koli Adeti: 10<\/li>\n<\/ul>\n","protected":false},"excerpt":{"rendered":"<p>Ebat: 40 cm \u00c7er\u00e7eve: Plastik Kadran: Bristol Saniye: Akar Cam: Mineral Bask\u0131: Ofset, Dijital Koli Adeti: 10<\/p>\n","protected":false},"featured_media":25279,"comment_status":"open","ping_status":"closed","template":"","meta":{"_monsterinsights_skip_tracking":false,"_monsterinsights_sitenote_active":false,"_monsterinsights_sitenote_note":"","_monsterinsights_sitenote_category":0},"product_brand":[],"product_cat":[228],"product_tag":[],"class_list":{"0":"post-20380","1":"product","2":"type-product","3":"status-publish","4":"has-post-thumbnail","6":"product_cat-plastik-duvar-saatleri-52","7":"pa_ie-nt-ebat-o-40-cm","8":"pa_ie-nt-kirmizi-urun-hayir","9":"pa_ie-nt-renk-kahverengi","10":"pa_ie-nt-uretim-evet","12":"first","13":"instock","14":"taxable","15":"shipping-taxable","16":"purchasable","17":"product-type-simple"},"aioseo_notices":[],"_links":{"self":[{"href":"https:\/\/panelpromosyon.com\/index.php?rest_route=\/wp\/v2\/product\/20380","targetHints":{"allow":["GET"]}}],"collection":[{"href":"https:\/\/panelpromosyon.com\/index.php?rest_route=\/wp\/v2\/product"}],"about":[{"href":"https:\/\/panelpromosyon.com\/index.php?rest_route=\/wp\/v2\/types\/product"}],"replies":[{"embeddable":true,"href":"https:\/\/panelpromosyon.com\/index.php?rest_route=%2Fwp%2Fv2%2Fcomments&post=20380"}],"wp:featuredmedia":[{"embeddable":true,"href":"https:\/\/panelpromosyon.com\/index.php?rest_route=\/wp\/v2\/media\/25279"}],"wp:attachment":[{"href":"https:\/\/panelpromosyon.com\/index.php?rest_route=%2Fwp%2Fv2%2Fmedia&parent=20380"}],"wp:term":[{"taxonomy":"product_brand","embeddable":true,"href":"https:\/\/panelpromosyon.com\/index.php?rest_route=%2Fwp%2Fv2%2Fproduct_brand&post=20380"},{"taxonomy":"product_cat","embeddable":true,"href":"https:\/\/panelpromosyon.com\/index.php?rest_route=%2Fwp%2Fv2%2Fproduct_cat&post=20380"},{"taxonomy":"product_tag","embeddable":true,"href":"https:\/\/panelpromosyon.com\/index.php?rest_route=%2Fwp%2Fv2%2Fproduct_tag&post=20380"}],"curies":[{"name":"wp","href":"https:\/\/api.w.org\/{rel}","templated":true}]}}