{"id":20285,"date":"2026-01-04T15:02:19","date_gmt":"2026-01-04T12:02:19","guid":{"rendered":"https:\/\/panelpromosyon.com\/?product=pwb-920-wireless-powerbank-15871"},"modified":"2026-04-27T18:25:49","modified_gmt":"2026-04-27T15:25:49","slug":"pwb-920-wireless-powerbank-15871","status":"publish","type":"product","link":"https:\/\/panelpromosyon.com\/?product=pwb-920-wireless-powerbank-15871","title":{"rendered":"PWB-920 Wireless Powerbank"},"content":{"rendered":"<ul>\n<li> G\u00f6sterge: 5 Kademe LED\n<li> Giri\u015f: USB 2\n<li> \u00c7\u0131k\u0131\u015f: 2A USB A\n<li> Kasa Malzemesi: Rubber\n<li> Bask\u0131: Lazer\n<li> Kutu: Var\n<li> I\u015f\u0131kl\u0131 Markalama\n<li> 10W Wireless<\/li>\n<\/ul>\n","protected":false},"excerpt":{"rendered":"<p>G\u00f6sterge: 5 Kademe LED Giri\u015f: USB 2 \u00c7\u0131k\u0131\u015f: 2A USB A Kasa Malzemesi: Rubber Bask\u0131: Lazer Kutu: Var I\u015f\u0131kl\u0131 Markalama 10W Wireless<\/p>\n","protected":false},"featured_media":25165,"comment_status":"open","ping_status":"closed","template":"","meta":{"_monsterinsights_skip_tracking":false,"_monsterinsights_sitenote_active":false,"_monsterinsights_sitenote_note":"","_monsterinsights_sitenote_category":0},"product_brand":[],"product_cat":[245],"product_tag":[],"class_list":{"0":"post-20285","1":"product","2":"type-product","3":"status-publish","4":"has-post-thumbnail","6":"product_cat-powerbank-101","7":"pa_ie-nt-ebat-10-000-mah","8":"pa_ie-nt-kirmizi-urun-hayir","9":"pa_ie-nt-uretim-hayir","11":"first","12":"instock","13":"taxable","14":"shipping-taxable","15":"purchasable","16":"product-type-simple"},"aioseo_notices":[],"_links":{"self":[{"href":"https:\/\/panelpromosyon.com\/index.php?rest_route=\/wp\/v2\/product\/20285","targetHints":{"allow":["GET"]}}],"collection":[{"href":"https:\/\/panelpromosyon.com\/index.php?rest_route=\/wp\/v2\/product"}],"about":[{"href":"https:\/\/panelpromosyon.com\/index.php?rest_route=\/wp\/v2\/types\/product"}],"replies":[{"embeddable":true,"href":"https:\/\/panelpromosyon.com\/index.php?rest_route=%2Fwp%2Fv2%2Fcomments&post=20285"}],"wp:featuredmedia":[{"embeddable":true,"href":"https:\/\/panelpromosyon.com\/index.php?rest_route=\/wp\/v2\/media\/25165"}],"wp:attachment":[{"href":"https:\/\/panelpromosyon.com\/index.php?rest_route=%2Fwp%2Fv2%2Fmedia&parent=20285"}],"wp:term":[{"taxonomy":"product_brand","embeddable":true,"href":"https:\/\/panelpromosyon.com\/index.php?rest_route=%2Fwp%2Fv2%2Fproduct_brand&post=20285"},{"taxonomy":"product_cat","embeddable":true,"href":"https:\/\/panelpromosyon.com\/index.php?rest_route=%2Fwp%2Fv2%2Fproduct_cat&post=20285"},{"taxonomy":"product_tag","embeddable":true,"href":"https:\/\/panelpromosyon.com\/index.php?rest_route=%2Fwp%2Fv2%2Fproduct_tag&post=20285"}],"curies":[{"name":"wp","href":"https:\/\/api.w.org\/{rel}","templated":true}]}}