{"id":20221,"date":"2026-01-04T15:01:31","date_gmt":"2026-01-04T12:01:31","guid":{"rendered":"https:\/\/panelpromosyon.com\/?product=esenler-g-gri-tarihsiz-defter-15934"},"modified":"2026-05-02T15:41:12","modified_gmt":"2026-05-02T12:41:12","slug":"esenler-g-gri-tarihsiz-defter-15934","status":"publish","type":"product","link":"https:\/\/panelpromosyon.com\/?product=esenler-g-gri-tarihsiz-defter-15934","title":{"rendered":"Esenler-G Gri Tarihsiz Defter"},"content":{"rendered":"<ul>\n<li> Deri: Termo\n<li> Ebat: 13 x 21 cm\n<li> Kalem Tutucu: Var\n<li> Elastik Bant: Var\n<li> Bask\u0131: Gofre, UV\n<li> Koli Adeti: 40\n<li> Sayfa Stili: Kareli\n<li> Sayfa Say\u0131s\u0131: 224\n<li> Ka\u011f\u0131t: 80 gram (Ivory) Krem<\/li>\n<\/ul>\n","protected":false},"excerpt":{"rendered":"<p>Deri: Termo Ebat: 13 x 21 cm Kalem Tutucu: Var Elastik Bant: Var Bask\u0131: Gofre, UV Koli Adeti: 40 Sayfa Stili: Kareli Sayfa Say\u0131s\u0131: 224 Ka\u011f\u0131t: 80 gram (Ivory) Krem<\/p>\n","protected":false},"featured_media":25020,"comment_status":"open","ping_status":"closed","template":"","meta":{"_monsterinsights_skip_tracking":false,"_monsterinsights_sitenote_active":false,"_monsterinsights_sitenote_note":"","_monsterinsights_sitenote_category":0},"product_brand":[],"product_cat":[220],"product_tag":[],"class_list":{"0":"post-20221","1":"product","2":"type-product","3":"status-publish","4":"has-post-thumbnail","6":"product_cat-defterler-25","7":"pa_ie-nt-ebat-13-x-21-cm","8":"pa_ie-nt-kirmizi-urun-hayir","9":"pa_ie-nt-renk-gri","10":"pa_ie-nt-renk-kirmizi","11":"pa_ie-nt-renk-lacivert","12":"pa_ie-nt-renk-siyah","13":"pa_ie-nt-renk-turkuaz-mavi","14":"pa_ie-nt-renk-turuncu","15":"pa_ie-nt-renk-yesil","16":"pa_ie-nt-uretim-hayir","18":"first","19":"instock","20":"taxable","21":"shipping-taxable","22":"purchasable","23":"product-type-variable","24":"has-default-attributes"},"aioseo_notices":[],"_links":{"self":[{"href":"https:\/\/panelpromosyon.com\/index.php?rest_route=\/wp\/v2\/product\/20221","targetHints":{"allow":["GET"]}}],"collection":[{"href":"https:\/\/panelpromosyon.com\/index.php?rest_route=\/wp\/v2\/product"}],"about":[{"href":"https:\/\/panelpromosyon.com\/index.php?rest_route=\/wp\/v2\/types\/product"}],"replies":[{"embeddable":true,"href":"https:\/\/panelpromosyon.com\/index.php?rest_route=%2Fwp%2Fv2%2Fcomments&post=20221"}],"wp:featuredmedia":[{"embeddable":true,"href":"https:\/\/panelpromosyon.com\/index.php?rest_route=\/wp\/v2\/media\/25020"}],"wp:attachment":[{"href":"https:\/\/panelpromosyon.com\/index.php?rest_route=%2Fwp%2Fv2%2Fmedia&parent=20221"}],"wp:term":[{"taxonomy":"product_brand","embeddable":true,"href":"https:\/\/panelpromosyon.com\/index.php?rest_route=%2Fwp%2Fv2%2Fproduct_brand&post=20221"},{"taxonomy":"product_cat","embeddable":true,"href":"https:\/\/panelpromosyon.com\/index.php?rest_route=%2Fwp%2Fv2%2Fproduct_cat&post=20221"},{"taxonomy":"product_tag","embeddable":true,"href":"https:\/\/panelpromosyon.com\/index.php?rest_route=%2Fwp%2Fv2%2Fproduct_tag&post=20221"}],"curies":[{"name":"wp","href":"https:\/\/api.w.org\/{rel}","templated":true}]}}