{"id":20139,"date":"2026-01-04T15:00:29","date_gmt":"2026-01-04T12:00:29","guid":{"rendered":"https:\/\/panelpromosyon.com\/?product=pc-6007-laptop-cantasi-16176"},"modified":"2026-04-27T15:03:46","modified_gmt":"2026-04-27T12:03:46","slug":"pc-6007-laptop-cantasi-16176","status":"publish","type":"product","link":"https:\/\/panelpromosyon.com\/?product=pc-6007-laptop-cantasi-16176","title":{"rendered":"PC-6007 Laptop \u00c7antas\u0131"},"content":{"rendered":"<ul>\n<li> Ebat: 35 x 29 x 6 cm\n<li> Kuma\u015f: \u0130mperteks\n<li> Ekstra: \u0130\u00e7 k\u00f6p\u00fck ve laptop g\u00f6z\u00fc<\/li>\n<\/ul>\n","protected":false},"excerpt":{"rendered":"<p>Ebat: 35 x 29 x 6 cm Kuma\u015f: \u0130mperteks Ekstra: \u0130\u00e7 k\u00f6p\u00fck ve laptop g\u00f6z\u00fc<\/p>\n","protected":false},"featured_media":24908,"comment_status":"open","ping_status":"closed","template":"","meta":{"_monsterinsights_skip_tracking":false,"_monsterinsights_sitenote_active":false,"_monsterinsights_sitenote_note":"","_monsterinsights_sitenote_category":0},"product_brand":[],"product_cat":[214],"product_tag":[],"class_list":{"0":"post-20139","1":"product","2":"type-product","3":"status-publish","4":"has-post-thumbnail","6":"product_cat-cantalar-113","7":"pa_ie-nt-ebat-35-x-29-x-6-cm","8":"pa_ie-nt-kirmizi-urun-evet","9":"pa_ie-nt-uretim-hayir","11":"first","12":"onbackorder","13":"taxable","14":"shipping-taxable","15":"purchasable","16":"product-type-simple"},"aioseo_notices":[],"_links":{"self":[{"href":"https:\/\/panelpromosyon.com\/index.php?rest_route=\/wp\/v2\/product\/20139","targetHints":{"allow":["GET"]}}],"collection":[{"href":"https:\/\/panelpromosyon.com\/index.php?rest_route=\/wp\/v2\/product"}],"about":[{"href":"https:\/\/panelpromosyon.com\/index.php?rest_route=\/wp\/v2\/types\/product"}],"replies":[{"embeddable":true,"href":"https:\/\/panelpromosyon.com\/index.php?rest_route=%2Fwp%2Fv2%2Fcomments&post=20139"}],"wp:featuredmedia":[{"embeddable":true,"href":"https:\/\/panelpromosyon.com\/index.php?rest_route=\/wp\/v2\/media\/24908"}],"wp:attachment":[{"href":"https:\/\/panelpromosyon.com\/index.php?rest_route=%2Fwp%2Fv2%2Fmedia&parent=20139"}],"wp:term":[{"taxonomy":"product_brand","embeddable":true,"href":"https:\/\/panelpromosyon.com\/index.php?rest_route=%2Fwp%2Fv2%2Fproduct_brand&post=20139"},{"taxonomy":"product_cat","embeddable":true,"href":"https:\/\/panelpromosyon.com\/index.php?rest_route=%2Fwp%2Fv2%2Fproduct_cat&post=20139"},{"taxonomy":"product_tag","embeddable":true,"href":"https:\/\/panelpromosyon.com\/index.php?rest_route=%2Fwp%2Fv2%2Fproduct_tag&post=20139"}],"curies":[{"name":"wp","href":"https:\/\/api.w.org\/{rel}","templated":true}]}}