{"id":20093,"date":"2026-01-04T14:59:41","date_gmt":"2026-01-04T11:59:41","guid":{"rendered":"https:\/\/panelpromosyon.com\/?product=taslama-s20x28-spiralli-gunluk-ajanda-16235"},"modified":"2026-05-15T16:31:28","modified_gmt":"2026-05-15T13:31:28","slug":"taslama-s20x28-spiralli-gunluk-ajanda-16235","status":"publish","type":"product","link":"https:\/\/panelpromosyon.com\/?product=taslama-s20x28-spiralli-gunluk-ajanda-16235","title":{"rendered":"Taslama-S20x28 Spiralli G\u00fcnl\u00fck Ajanda"},"content":{"rendered":"<ul>\n<li> Kapak: 2 mm mukavva taslama\n<li> Reklam Sayfalar\u0131: Eklenebilir\n<li> Bask\u0131: Ofset, Dijital\n<li> Koli Adeti: 40\n<li> Sayfa Say\u0131s\u0131: 336\n<li> Ka\u011f\u0131t: 70 gram (Ivory)Krem<\/li>\n<\/ul>\n","protected":false},"excerpt":{"rendered":"<p>Kapak: 2 mm mukavva taslama Reklam Sayfalar\u0131: Eklenebilir Bask\u0131: Ofset, Dijital Koli Adeti: 40 Sayfa Say\u0131s\u0131: 336 Ka\u011f\u0131t: 70 gram (Ivory)Krem<\/p>\n","protected":false},"featured_media":24813,"comment_status":"open","ping_status":"closed","template":"","meta":{"_monsterinsights_skip_tracking":false,"_monsterinsights_sitenote_active":false,"_monsterinsights_sitenote_note":"","_monsterinsights_sitenote_category":0},"product_brand":[],"product_cat":[219],"product_tag":[],"class_list":{"0":"post-20093","1":"product","2":"type-product","3":"status-publish","4":"has-post-thumbnail","6":"product_cat-tarihli-ajandalar-19","7":"pa_ie-nt-ebat-15-x-21-cm","8":"pa_ie-nt-ebat-17-x-24-cm","9":"pa_ie-nt-ebat-20-x-28-cm","10":"pa_ie-nt-kirmizi-urun-hayir","11":"pa_ie-nt-uretim-hayir","13":"first","14":"onbackorder","15":"taxable","16":"shipping-taxable","17":"purchasable","18":"product-type-variable","19":"has-default-attributes"},"aioseo_notices":[],"_links":{"self":[{"href":"https:\/\/panelpromosyon.com\/index.php?rest_route=\/wp\/v2\/product\/20093","targetHints":{"allow":["GET"]}}],"collection":[{"href":"https:\/\/panelpromosyon.com\/index.php?rest_route=\/wp\/v2\/product"}],"about":[{"href":"https:\/\/panelpromosyon.com\/index.php?rest_route=\/wp\/v2\/types\/product"}],"replies":[{"embeddable":true,"href":"https:\/\/panelpromosyon.com\/index.php?rest_route=%2Fwp%2Fv2%2Fcomments&post=20093"}],"wp:featuredmedia":[{"embeddable":true,"href":"https:\/\/panelpromosyon.com\/index.php?rest_route=\/wp\/v2\/media\/24813"}],"wp:attachment":[{"href":"https:\/\/panelpromosyon.com\/index.php?rest_route=%2Fwp%2Fv2%2Fmedia&parent=20093"}],"wp:term":[{"taxonomy":"product_brand","embeddable":true,"href":"https:\/\/panelpromosyon.com\/index.php?rest_route=%2Fwp%2Fv2%2Fproduct_brand&post=20093"},{"taxonomy":"product_cat","embeddable":true,"href":"https:\/\/panelpromosyon.com\/index.php?rest_route=%2Fwp%2Fv2%2Fproduct_cat&post=20093"},{"taxonomy":"product_tag","embeddable":true,"href":"https:\/\/panelpromosyon.com\/index.php?rest_route=%2Fwp%2Fv2%2Fproduct_tag&post=20093"}],"curies":[{"name":"wp","href":"https:\/\/api.w.org\/{rel}","templated":true}]}}