{"id":20016,"date":"2026-01-04T14:58:39","date_gmt":"2026-01-04T11:58:39","guid":{"rendered":"https:\/\/panelpromosyon.com\/?product=goztepe-tb-taba-gizli-spiralli-gunluk-ajanda-16324"},"modified":"2026-05-15T17:47:26","modified_gmt":"2026-05-15T14:47:26","slug":"goztepe-tb-taba-gizli-spiralli-gunluk-ajanda-16324","status":"publish","type":"product","link":"https:\/\/panelpromosyon.com\/?product=goztepe-tb-taba-gizli-spiralli-gunluk-ajanda-16324","title":{"rendered":"G\u00f6ztepe-TB Taba Gizli Spiralli G\u00fcnl\u00fck Ajanda"},"content":{"rendered":"<ul>\n<li> Deri: Termo\n<li> Kalem Tutucu: Var\n<li> Ebat: 16.5 x 22 cm\n<li> Bask\u0131: Gofre, Serigrafi, UV\n<li> Koli Adeti: 40\n<li> Sayfa Say\u0131s\u0131: 336\n<li> Ka\u011f\u0131t: 70 gram (Ivory) Krem<\/li>\n<\/ul>\n","protected":false},"excerpt":{"rendered":"<p>Deri: Termo Kalem Tutucu: Var Ebat: 16.5 x 22 cm Bask\u0131: Gofre, Serigrafi, UV Koli Adeti: 40 Sayfa Say\u0131s\u0131: 336 Ka\u011f\u0131t: 70 gram (Ivory) Krem<\/p>\n","protected":false},"featured_media":24673,"comment_status":"open","ping_status":"closed","template":"","meta":{"_monsterinsights_skip_tracking":false,"_monsterinsights_sitenote_active":false,"_monsterinsights_sitenote_note":"","_monsterinsights_sitenote_category":0},"product_brand":[],"product_cat":[219],"product_tag":[],"class_list":{"0":"post-20016","1":"product","2":"type-product","3":"status-publish","4":"has-post-thumbnail","6":"product_cat-tarihli-ajandalar-19","7":"pa_ie-nt-ebat-165-x-22-cm","8":"pa_ie-nt-kirmizi-urun-hayir","9":"pa_ie-nt-renk-fume","10":"pa_ie-nt-renk-kirmizi","11":"pa_ie-nt-renk-lacivert","12":"pa_ie-nt-renk-taba","13":"pa_ie-nt-uretim-hayir","15":"first","16":"onbackorder","17":"taxable","18":"shipping-taxable","19":"purchasable","20":"product-type-variable","21":"has-default-attributes"},"aioseo_notices":[],"_links":{"self":[{"href":"https:\/\/panelpromosyon.com\/index.php?rest_route=\/wp\/v2\/product\/20016","targetHints":{"allow":["GET"]}}],"collection":[{"href":"https:\/\/panelpromosyon.com\/index.php?rest_route=\/wp\/v2\/product"}],"about":[{"href":"https:\/\/panelpromosyon.com\/index.php?rest_route=\/wp\/v2\/types\/product"}],"replies":[{"embeddable":true,"href":"https:\/\/panelpromosyon.com\/index.php?rest_route=%2Fwp%2Fv2%2Fcomments&post=20016"}],"wp:featuredmedia":[{"embeddable":true,"href":"https:\/\/panelpromosyon.com\/index.php?rest_route=\/wp\/v2\/media\/24673"}],"wp:attachment":[{"href":"https:\/\/panelpromosyon.com\/index.php?rest_route=%2Fwp%2Fv2%2Fmedia&parent=20016"}],"wp:term":[{"taxonomy":"product_brand","embeddable":true,"href":"https:\/\/panelpromosyon.com\/index.php?rest_route=%2Fwp%2Fv2%2Fproduct_brand&post=20016"},{"taxonomy":"product_cat","embeddable":true,"href":"https:\/\/panelpromosyon.com\/index.php?rest_route=%2Fwp%2Fv2%2Fproduct_cat&post=20016"},{"taxonomy":"product_tag","embeddable":true,"href":"https:\/\/panelpromosyon.com\/index.php?rest_route=%2Fwp%2Fv2%2Fproduct_tag&post=20016"}],"curies":[{"name":"wp","href":"https:\/\/api.w.org\/{rel}","templated":true}]}}