{"id":19863,"date":"2026-01-04T14:56:55","date_gmt":"2026-01-04T11:56:55","guid":{"rendered":"https:\/\/panelpromosyon.com\/?product=an-4185-tek-yon-anahtarlik-16535"},"modified":"2026-04-17T15:11:53","modified_gmt":"2026-04-17T12:11:53","slug":"an-4185-tek-yon-anahtarlik-16535","status":"publish","type":"product","link":"https:\/\/panelpromosyon.com\/?product=an-4185-tek-yon-anahtarlik-16535","title":{"rendered":"AN-4185 Tek Y\u00f6n Anahtarl\u0131k"},"content":{"rendered":"<ul>\n<li> Bask\u0131: Lazer\n<li> A\u00e7acakl\u0131<\/li>\n<\/ul>\n","protected":false},"excerpt":{"rendered":"<p>Bask\u0131: Lazer A\u00e7acakl\u0131<\/p>\n","protected":false},"featured_media":24460,"comment_status":"open","ping_status":"closed","template":"","meta":{"_monsterinsights_skip_tracking":false,"_monsterinsights_sitenote_active":false,"_monsterinsights_sitenote_note":"","_monsterinsights_sitenote_category":0},"product_brand":[],"product_cat":[248],"product_tag":[],"class_list":{"0":"post-19863","1":"product","2":"type-product","3":"status-publish","4":"has-post-thumbnail","6":"product_cat-anahtarliklar-13","7":"pa_ie-nt-ebat-34-x-101-cm","8":"pa_ie-nt-kirmizi-urun-hayir","9":"pa_ie-nt-uretim-hayir","11":"first","12":"instock","13":"taxable","14":"shipping-taxable","15":"purchasable","16":"product-type-simple"},"aioseo_notices":[],"_links":{"self":[{"href":"https:\/\/panelpromosyon.com\/index.php?rest_route=\/wp\/v2\/product\/19863","targetHints":{"allow":["GET"]}}],"collection":[{"href":"https:\/\/panelpromosyon.com\/index.php?rest_route=\/wp\/v2\/product"}],"about":[{"href":"https:\/\/panelpromosyon.com\/index.php?rest_route=\/wp\/v2\/types\/product"}],"replies":[{"embeddable":true,"href":"https:\/\/panelpromosyon.com\/index.php?rest_route=%2Fwp%2Fv2%2Fcomments&post=19863"}],"wp:featuredmedia":[{"embeddable":true,"href":"https:\/\/panelpromosyon.com\/index.php?rest_route=\/wp\/v2\/media\/24460"}],"wp:attachment":[{"href":"https:\/\/panelpromosyon.com\/index.php?rest_route=%2Fwp%2Fv2%2Fmedia&parent=19863"}],"wp:term":[{"taxonomy":"product_brand","embeddable":true,"href":"https:\/\/panelpromosyon.com\/index.php?rest_route=%2Fwp%2Fv2%2Fproduct_brand&post=19863"},{"taxonomy":"product_cat","embeddable":true,"href":"https:\/\/panelpromosyon.com\/index.php?rest_route=%2Fwp%2Fv2%2Fproduct_cat&post=19863"},{"taxonomy":"product_tag","embeddable":true,"href":"https:\/\/panelpromosyon.com\/index.php?rest_route=%2Fwp%2Fv2%2Fproduct_tag&post=19863"}],"curies":[{"name":"wp","href":"https:\/\/api.w.org\/{rel}","templated":true}]}}