{"id":19858,"date":"2026-01-04T14:56:48","date_gmt":"2026-01-04T11:56:48","guid":{"rendered":"https:\/\/panelpromosyon.com\/?product=an-5375-sr-sari-tek-cift-yon-anahtarlik-16540"},"modified":"2026-04-17T23:10:09","modified_gmt":"2026-04-17T20:10:09","slug":"an-5375-sr-sari-tek-cift-yon-anahtarlik-16540","status":"publish","type":"product","link":"https:\/\/panelpromosyon.com\/?product=an-5375-sr-sari-tek-cift-yon-anahtarlik-16540","title":{"rendered":"AN-5375-SR Sar\u0131 Tek &#8211; \u00c7ift Y\u00f6n Anahtarl\u0131k"},"content":{"rendered":"<ul>\n<li> Bask\u0131: Lazer<\/li>\n<\/ul>\n","protected":false},"excerpt":{"rendered":"<p>Bask\u0131: Lazer<\/p>\n","protected":false},"featured_media":24453,"comment_status":"open","ping_status":"closed","template":"","meta":{"_monsterinsights_skip_tracking":false,"_monsterinsights_sitenote_active":false,"_monsterinsights_sitenote_note":"","_monsterinsights_sitenote_category":0},"product_brand":[],"product_cat":[248],"product_tag":[],"class_list":{"0":"post-19858","1":"product","2":"type-product","3":"status-publish","4":"has-post-thumbnail","6":"product_cat-anahtarliklar-13","7":"pa_ie-nt-ebat-45-x-67-cm","8":"pa_ie-nt-kirmizi-urun-hayir","9":"pa_ie-nt-renk-beyaz","10":"pa_ie-nt-renk-sari","11":"pa_ie-nt-uretim-hayir","13":"first","14":"instock","15":"taxable","16":"shipping-taxable","17":"purchasable","18":"product-type-variable","19":"has-default-attributes"},"aioseo_notices":[],"_links":{"self":[{"href":"https:\/\/panelpromosyon.com\/index.php?rest_route=\/wp\/v2\/product\/19858","targetHints":{"allow":["GET"]}}],"collection":[{"href":"https:\/\/panelpromosyon.com\/index.php?rest_route=\/wp\/v2\/product"}],"about":[{"href":"https:\/\/panelpromosyon.com\/index.php?rest_route=\/wp\/v2\/types\/product"}],"replies":[{"embeddable":true,"href":"https:\/\/panelpromosyon.com\/index.php?rest_route=%2Fwp%2Fv2%2Fcomments&post=19858"}],"wp:featuredmedia":[{"embeddable":true,"href":"https:\/\/panelpromosyon.com\/index.php?rest_route=\/wp\/v2\/media\/24453"}],"wp:attachment":[{"href":"https:\/\/panelpromosyon.com\/index.php?rest_route=%2Fwp%2Fv2%2Fmedia&parent=19858"}],"wp:term":[{"taxonomy":"product_brand","embeddable":true,"href":"https:\/\/panelpromosyon.com\/index.php?rest_route=%2Fwp%2Fv2%2Fproduct_brand&post=19858"},{"taxonomy":"product_cat","embeddable":true,"href":"https:\/\/panelpromosyon.com\/index.php?rest_route=%2Fwp%2Fv2%2Fproduct_cat&post=19858"},{"taxonomy":"product_tag","embeddable":true,"href":"https:\/\/panelpromosyon.com\/index.php?rest_route=%2Fwp%2Fv2%2Fproduct_tag&post=19858"}],"curies":[{"name":"wp","href":"https:\/\/api.w.org\/{rel}","templated":true}]}}