{"id":19681,"date":"2026-01-04T14:54:14","date_gmt":"2026-01-04T11:54:14","guid":{"rendered":"https:\/\/panelpromosyon.com\/?product=sisli-g-gri-tarihsiz-defter-16835"},"modified":"2026-04-27T21:45:23","modified_gmt":"2026-04-27T18:45:23","slug":"sisli-g-gri-tarihsiz-defter-16835","status":"publish","type":"product","link":"https:\/\/panelpromosyon.com\/?product=sisli-g-gri-tarihsiz-defter-16835","title":{"rendered":"\u015ei\u015fli-G Gri Tarihsiz Defter"},"content":{"rendered":"<ul>\n<li> Deri: Termo\n<li> Kapak: Yumu\u015fak, Esnek\n<li> Ebat: 17 x 24 cm\n<li> Bask\u0131: Gofre, UV\n<li> Koli Adeti: 42\n<li> Sayfa Stili: \u00c7izgili\n<li> Sayfa Say\u0131s\u0131: 224\n<li> Ka\u011f\u0131t: 80 gram (Ivory) Krem<\/li>\n<\/ul>\n","protected":false},"excerpt":{"rendered":"<p>Deri: Termo Kapak: Yumu\u015fak, Esnek Ebat: 17 x 24 cm Bask\u0131: Gofre, UV Koli Adeti: 42 Sayfa Stili: \u00c7izgili Sayfa Say\u0131s\u0131: 224 Ka\u011f\u0131t: 80 gram (Ivory) Krem<\/p>\n","protected":false},"featured_media":24124,"comment_status":"open","ping_status":"closed","template":"","meta":{"_monsterinsights_skip_tracking":false,"_monsterinsights_sitenote_active":false,"_monsterinsights_sitenote_note":"","_monsterinsights_sitenote_category":0},"product_brand":[],"product_cat":[220],"product_tag":[],"class_list":{"0":"post-19681","1":"product","2":"type-product","3":"status-publish","4":"has-post-thumbnail","6":"product_cat-defterler-25","7":"pa_ie-nt-ebat-17-x-24-cm","8":"pa_ie-nt-kirmizi-urun-hayir","9":"pa_ie-nt-renk-fume","10":"pa_ie-nt-renk-gri","11":"pa_ie-nt-renk-kirmizi","12":"pa_ie-nt-renk-siyah","13":"pa_ie-nt-renk-taba","14":"pa_ie-nt-renk-turkuaz","15":"pa_ie-nt-uretim-hayir","17":"first","18":"instock","19":"taxable","20":"shipping-taxable","21":"purchasable","22":"product-type-variable","23":"has-default-attributes"},"aioseo_notices":[],"_links":{"self":[{"href":"https:\/\/panelpromosyon.com\/index.php?rest_route=\/wp\/v2\/product\/19681","targetHints":{"allow":["GET"]}}],"collection":[{"href":"https:\/\/panelpromosyon.com\/index.php?rest_route=\/wp\/v2\/product"}],"about":[{"href":"https:\/\/panelpromosyon.com\/index.php?rest_route=\/wp\/v2\/types\/product"}],"replies":[{"embeddable":true,"href":"https:\/\/panelpromosyon.com\/index.php?rest_route=%2Fwp%2Fv2%2Fcomments&post=19681"}],"wp:featuredmedia":[{"embeddable":true,"href":"https:\/\/panelpromosyon.com\/index.php?rest_route=\/wp\/v2\/media\/24124"}],"wp:attachment":[{"href":"https:\/\/panelpromosyon.com\/index.php?rest_route=%2Fwp%2Fv2%2Fmedia&parent=19681"}],"wp:term":[{"taxonomy":"product_brand","embeddable":true,"href":"https:\/\/panelpromosyon.com\/index.php?rest_route=%2Fwp%2Fv2%2Fproduct_brand&post=19681"},{"taxonomy":"product_cat","embeddable":true,"href":"https:\/\/panelpromosyon.com\/index.php?rest_route=%2Fwp%2Fv2%2Fproduct_cat&post=19681"},{"taxonomy":"product_tag","embeddable":true,"href":"https:\/\/panelpromosyon.com\/index.php?rest_route=%2Fwp%2Fv2%2Fproduct_tag&post=19681"}],"curies":[{"name":"wp","href":"https:\/\/api.w.org\/{rel}","templated":true}]}}