{"id":19671,"date":"2026-01-04T14:54:12","date_gmt":"2026-01-04T11:54:12","guid":{"rendered":"https:\/\/panelpromosyon.com\/?product=kandilli-s-siyah-gunluk-ajanda-16840"},"modified":"2026-05-15T21:31:05","modified_gmt":"2026-05-15T18:31:05","slug":"kandilli-s-siyah-gunluk-ajanda-16840","status":"publish","type":"product","link":"https:\/\/panelpromosyon.com\/?product=kandilli-s-siyah-gunluk-ajanda-16840","title":{"rendered":"Kandilli-S Siyah G\u00fcnl\u00fck Ajanda"},"content":{"rendered":"<ul>\n<li> Deri: Termo\n<li> Ebat: 17 x 24 cm\n<li> Bask\u0131: Gofre, Serigrafi, UV\n<li> Koli Adeti: 40\n<li> Sayfa Say\u0131s\u0131: 336\n<li> Ka\u011f\u0131t: 70 gram (Ivory) krem<\/li>\n<\/ul>\n","protected":false},"excerpt":{"rendered":"<p>Deri: Termo Ebat: 17 x 24 cm Bask\u0131: Gofre, Serigrafi, UV Koli Adeti: 40 Sayfa Say\u0131s\u0131: 336 Ka\u011f\u0131t: 70 gram (Ivory) krem<\/p>\n","protected":false},"featured_media":24105,"comment_status":"open","ping_status":"closed","template":"","meta":{"_monsterinsights_skip_tracking":false,"_monsterinsights_sitenote_active":false,"_monsterinsights_sitenote_note":"","_monsterinsights_sitenote_category":0},"product_brand":[],"product_cat":[219],"product_tag":[],"class_list":{"0":"post-19671","1":"product","2":"type-product","3":"status-publish","4":"has-post-thumbnail","6":"product_cat-tarihli-ajandalar-19","7":"pa_ie-nt-ebat-17-x-24-cm","8":"pa_ie-nt-kirmizi-urun-hayir","9":"pa_ie-nt-renk-fume","10":"pa_ie-nt-renk-gri","11":"pa_ie-nt-renk-kirmizi","12":"pa_ie-nt-renk-lacivert","13":"pa_ie-nt-renk-siyah","14":"pa_ie-nt-renk-taba","15":"pa_ie-nt-renk-turkuaz","16":"pa_ie-nt-renk-turuncu","17":"pa_ie-nt-renk-yesil","18":"pa_ie-nt-uretim-hayir","20":"first","21":"onbackorder","22":"taxable","23":"shipping-taxable","24":"purchasable","25":"product-type-variable","26":"has-default-attributes"},"aioseo_notices":[],"_links":{"self":[{"href":"https:\/\/panelpromosyon.com\/index.php?rest_route=\/wp\/v2\/product\/19671","targetHints":{"allow":["GET"]}}],"collection":[{"href":"https:\/\/panelpromosyon.com\/index.php?rest_route=\/wp\/v2\/product"}],"about":[{"href":"https:\/\/panelpromosyon.com\/index.php?rest_route=\/wp\/v2\/types\/product"}],"replies":[{"embeddable":true,"href":"https:\/\/panelpromosyon.com\/index.php?rest_route=%2Fwp%2Fv2%2Fcomments&post=19671"}],"wp:featuredmedia":[{"embeddable":true,"href":"https:\/\/panelpromosyon.com\/index.php?rest_route=\/wp\/v2\/media\/24105"}],"wp:attachment":[{"href":"https:\/\/panelpromosyon.com\/index.php?rest_route=%2Fwp%2Fv2%2Fmedia&parent=19671"}],"wp:term":[{"taxonomy":"product_brand","embeddable":true,"href":"https:\/\/panelpromosyon.com\/index.php?rest_route=%2Fwp%2Fv2%2Fproduct_brand&post=19671"},{"taxonomy":"product_cat","embeddable":true,"href":"https:\/\/panelpromosyon.com\/index.php?rest_route=%2Fwp%2Fv2%2Fproduct_cat&post=19671"},{"taxonomy":"product_tag","embeddable":true,"href":"https:\/\/panelpromosyon.com\/index.php?rest_route=%2Fwp%2Fv2%2Fproduct_tag&post=19671"}],"curies":[{"name":"wp","href":"https:\/\/api.w.org\/{rel}","templated":true}]}}