{"id":19650,"date":"2026-01-04T14:53:49","date_gmt":"2026-01-04T11:53:49","guid":{"rendered":"https:\/\/panelpromosyon.com\/?product=edirne-hediyelik-set-16902"},"modified":"2026-04-17T19:53:04","modified_gmt":"2026-04-17T16:53:04","slug":"edirne-hediyelik-set-16902","status":"publish","type":"product","link":"https:\/\/panelpromosyon.com\/?product=edirne-hediyelik-set-16902","title":{"rendered":"Edirne Hediyelik Set"},"content":{"rendered":"<ul>\n<li> \u00c7ak\u0131 (4284)\n<li> Fenerli \u00c7ak\u0131 (4215)\n<li> Bluetooth Speaker (SPK-40)\n<li> Metal Kalem Roller (0555-410)\n<li> Powerbank 5.000 mAh (PWB-490) \/ I\u015f\u0131kl\u0131 Markalama\n<li> Termos 420 mL (3910)\n<li> Deri Kutu<\/li>\n<\/ul>\n","protected":false},"excerpt":{"rendered":"<p>\u00c7ak\u0131 (4284) Fenerli \u00c7ak\u0131 (4215) Bluetooth Speaker (SPK-40) Metal Kalem Roller (0555-410) Powerbank 5.000 mAh (PWB-490) \/ I\u015f\u0131kl\u0131 Markalama Termos 420 mL (3910) Deri Kutu<\/p>\n","protected":false},"featured_media":24047,"comment_status":"open","ping_status":"closed","template":"","meta":{"_monsterinsights_skip_tracking":false,"_monsterinsights_sitenote_active":false,"_monsterinsights_sitenote_note":"","_monsterinsights_sitenote_category":0},"product_brand":[],"product_cat":[233],"product_tag":[],"class_list":{"0":"post-19650","1":"product","2":"type-product","3":"status-publish","4":"has-post-thumbnail","6":"product_cat-hediyelik-setler-116","7":"pa_ie-nt-ebat-40-x-25-x-11-cm","8":"pa_ie-nt-kirmizi-urun-hayir","9":"pa_ie-nt-uretim-hayir","11":"first","12":"onbackorder","13":"taxable","14":"shipping-taxable","15":"purchasable","16":"product-type-simple"},"aioseo_notices":[],"_links":{"self":[{"href":"https:\/\/panelpromosyon.com\/index.php?rest_route=\/wp\/v2\/product\/19650","targetHints":{"allow":["GET"]}}],"collection":[{"href":"https:\/\/panelpromosyon.com\/index.php?rest_route=\/wp\/v2\/product"}],"about":[{"href":"https:\/\/panelpromosyon.com\/index.php?rest_route=\/wp\/v2\/types\/product"}],"replies":[{"embeddable":true,"href":"https:\/\/panelpromosyon.com\/index.php?rest_route=%2Fwp%2Fv2%2Fcomments&post=19650"}],"wp:featuredmedia":[{"embeddable":true,"href":"https:\/\/panelpromosyon.com\/index.php?rest_route=\/wp\/v2\/media\/24047"}],"wp:attachment":[{"href":"https:\/\/panelpromosyon.com\/index.php?rest_route=%2Fwp%2Fv2%2Fmedia&parent=19650"}],"wp:term":[{"taxonomy":"product_brand","embeddable":true,"href":"https:\/\/panelpromosyon.com\/index.php?rest_route=%2Fwp%2Fv2%2Fproduct_brand&post=19650"},{"taxonomy":"product_cat","embeddable":true,"href":"https:\/\/panelpromosyon.com\/index.php?rest_route=%2Fwp%2Fv2%2Fproduct_cat&post=19650"},{"taxonomy":"product_tag","embeddable":true,"href":"https:\/\/panelpromosyon.com\/index.php?rest_route=%2Fwp%2Fv2%2Fproduct_tag&post=19650"}],"curies":[{"name":"wp","href":"https:\/\/api.w.org\/{rel}","templated":true}]}}