{"id":19643,"date":"2026-01-04T14:53:37","date_gmt":"2026-01-04T11:53:37","guid":{"rendered":"https:\/\/panelpromosyon.com\/?product=milas-hediyelik-set-16917"},"modified":"2026-04-17T19:13:29","modified_gmt":"2026-04-17T16:13:29","slug":"milas-hediyelik-set-16917","status":"publish","type":"product","link":"https:\/\/panelpromosyon.com\/?product=milas-hediyelik-set-16917","title":{"rendered":"Milas Hediyelik Set"},"content":{"rendered":"<ul>\n<li> Metal Kalem Roller (0555-25)\n<li> Kablo (KBL-01) \/ I\u015f\u0131kl\u0131 Markalama\n<li> USB Bellek 16 GB (8125)\n<li> Fener (4230)\n<li> \u00c7ak\u0131 (4284)\n<li> Kutu: Cilt Bezi<\/li>\n<\/ul>\n","protected":false},"excerpt":{"rendered":"<p>Metal Kalem Roller (0555-25) Kablo (KBL-01) \/ I\u015f\u0131kl\u0131 Markalama USB Bellek 16 GB (8125) Fener (4230) \u00c7ak\u0131 (4284) Kutu: Cilt Bezi<\/p>\n","protected":false},"featured_media":24004,"comment_status":"open","ping_status":"closed","template":"","meta":{"_monsterinsights_skip_tracking":false,"_monsterinsights_sitenote_active":false,"_monsterinsights_sitenote_note":"","_monsterinsights_sitenote_category":0},"product_brand":[],"product_cat":[233],"product_tag":[],"class_list":{"0":"post-19643","1":"product","2":"type-product","3":"status-publish","4":"has-post-thumbnail","6":"product_cat-hediyelik-setler-116","7":"pa_ie-nt-ebat-25-x-19-x-4-cm","8":"pa_ie-nt-kirmizi-urun-hayir","9":"pa_ie-nt-uretim-hayir","11":"first","12":"instock","13":"taxable","14":"shipping-taxable","15":"purchasable","16":"product-type-simple"},"aioseo_notices":[],"_links":{"self":[{"href":"https:\/\/panelpromosyon.com\/index.php?rest_route=\/wp\/v2\/product\/19643","targetHints":{"allow":["GET"]}}],"collection":[{"href":"https:\/\/panelpromosyon.com\/index.php?rest_route=\/wp\/v2\/product"}],"about":[{"href":"https:\/\/panelpromosyon.com\/index.php?rest_route=\/wp\/v2\/types\/product"}],"replies":[{"embeddable":true,"href":"https:\/\/panelpromosyon.com\/index.php?rest_route=%2Fwp%2Fv2%2Fcomments&post=19643"}],"wp:featuredmedia":[{"embeddable":true,"href":"https:\/\/panelpromosyon.com\/index.php?rest_route=\/wp\/v2\/media\/24004"}],"wp:attachment":[{"href":"https:\/\/panelpromosyon.com\/index.php?rest_route=%2Fwp%2Fv2%2Fmedia&parent=19643"}],"wp:term":[{"taxonomy":"product_brand","embeddable":true,"href":"https:\/\/panelpromosyon.com\/index.php?rest_route=%2Fwp%2Fv2%2Fproduct_brand&post=19643"},{"taxonomy":"product_cat","embeddable":true,"href":"https:\/\/panelpromosyon.com\/index.php?rest_route=%2Fwp%2Fv2%2Fproduct_cat&post=19643"},{"taxonomy":"product_tag","embeddable":true,"href":"https:\/\/panelpromosyon.com\/index.php?rest_route=%2Fwp%2Fv2%2Fproduct_tag&post=19643"}],"curies":[{"name":"wp","href":"https:\/\/api.w.org\/{rel}","templated":true}]}}