{"id":19629,"date":"2026-01-04T14:53:29","date_gmt":"2026-01-04T11:53:29","guid":{"rendered":"https:\/\/panelpromosyon.com\/?product=karabuk-fm-fume-hediyelik-set-16941"},"modified":"2026-05-15T17:55:30","modified_gmt":"2026-05-15T14:55:30","slug":"karabuk-fm-fume-hediyelik-set-16941","status":"publish","type":"product","link":"https:\/\/panelpromosyon.com\/?product=karabuk-fm-fume-hediyelik-set-16941","title":{"rendered":"Karab\u00fck-FM F\u00fcme Hediyelik Set"},"content":{"rendered":"<ul>\n<li> Termo Deri Defter 15 x 21 cm (K\u0131s\u0131kl\u0131)\n<li> Metal Roller Kalem (0555-490)\n<li> Kutu: Karton<\/li>\n<\/ul>\n","protected":false},"excerpt":{"rendered":"<p>Termo Deri Defter 15 x 21 cm (K\u0131s\u0131kl\u0131) Metal Roller Kalem (0555-490) Kutu: Karton<\/p>\n","protected":false},"featured_media":23982,"comment_status":"open","ping_status":"closed","template":"","meta":{"_monsterinsights_skip_tracking":false,"_monsterinsights_sitenote_active":false,"_monsterinsights_sitenote_note":"","_monsterinsights_sitenote_category":0},"product_brand":[],"product_cat":[233],"product_tag":[],"class_list":{"0":"post-19629","1":"product","2":"type-product","3":"status-publish","4":"has-post-thumbnail","6":"product_cat-hediyelik-setler-116","7":"pa_ie-nt-ebat-247-x-21-x-2-cm","8":"pa_ie-nt-kirmizi-urun-hayir","9":"pa_ie-nt-renk-fume","10":"pa_ie-nt-renk-kirmizi","11":"pa_ie-nt-renk-lacivert","12":"pa_ie-nt-renk-siyah","13":"pa_ie-nt-renk-turkuaz","14":"pa_ie-nt-renk-turuncu","15":"pa_ie-nt-uretim-hayir","17":"first","18":"instock","19":"taxable","20":"shipping-taxable","21":"purchasable","22":"product-type-variable","23":"has-default-attributes"},"aioseo_notices":[],"_links":{"self":[{"href":"https:\/\/panelpromosyon.com\/index.php?rest_route=\/wp\/v2\/product\/19629","targetHints":{"allow":["GET"]}}],"collection":[{"href":"https:\/\/panelpromosyon.com\/index.php?rest_route=\/wp\/v2\/product"}],"about":[{"href":"https:\/\/panelpromosyon.com\/index.php?rest_route=\/wp\/v2\/types\/product"}],"replies":[{"embeddable":true,"href":"https:\/\/panelpromosyon.com\/index.php?rest_route=%2Fwp%2Fv2%2Fcomments&post=19629"}],"wp:featuredmedia":[{"embeddable":true,"href":"https:\/\/panelpromosyon.com\/index.php?rest_route=\/wp\/v2\/media\/23982"}],"wp:attachment":[{"href":"https:\/\/panelpromosyon.com\/index.php?rest_route=%2Fwp%2Fv2%2Fmedia&parent=19629"}],"wp:term":[{"taxonomy":"product_brand","embeddable":true,"href":"https:\/\/panelpromosyon.com\/index.php?rest_route=%2Fwp%2Fv2%2Fproduct_brand&post=19629"},{"taxonomy":"product_cat","embeddable":true,"href":"https:\/\/panelpromosyon.com\/index.php?rest_route=%2Fwp%2Fv2%2Fproduct_cat&post=19629"},{"taxonomy":"product_tag","embeddable":true,"href":"https:\/\/panelpromosyon.com\/index.php?rest_route=%2Fwp%2Fv2%2Fproduct_tag&post=19629"}],"curies":[{"name":"wp","href":"https:\/\/api.w.org\/{rel}","templated":true}]}}