{"id":19619,"date":"2026-01-04T14:53:12","date_gmt":"2026-01-04T11:53:12","guid":{"rendered":"https:\/\/panelpromosyon.com\/?product=pwb-900-b-beyaz-powerbank-16961"},"modified":"2026-05-02T15:41:15","modified_gmt":"2026-05-02T12:41:15","slug":"pwb-900-b-beyaz-powerbank-16961","status":"publish","type":"product","link":"https:\/\/panelpromosyon.com\/?product=pwb-900-b-beyaz-powerbank-16961","title":{"rendered":"PWB-900-B Beyaz Powerbank"},"content":{"rendered":"<ul>\n<li> G\u00f6sterge: 4 Kademe LED\n<li> Giri\u015f: Type C ve Micro USB\n<li> 2 \u00c7\u0131k\u0131\u015f 1: 2A USB A\n<li> Kasa Malzemesi: ABS\n<li> Bask\u0131: UV Renkli\n<li> Kutu: Var\n<li> Dahili \u00c7ift El Feneri<\/li>\n<\/ul>\n","protected":false},"excerpt":{"rendered":"<p>G\u00f6sterge: 4 Kademe LED Giri\u015f: Type C ve Micro USB 2 \u00c7\u0131k\u0131\u015f 1: 2A USB A Kasa Malzemesi: ABS Bask\u0131: UV Renkli Kutu: Var Dahili \u00c7ift El Feneri<\/p>\n","protected":false},"featured_media":23966,"comment_status":"open","ping_status":"closed","template":"","meta":{"_monsterinsights_skip_tracking":false,"_monsterinsights_sitenote_active":false,"_monsterinsights_sitenote_note":"","_monsterinsights_sitenote_category":0},"product_brand":[],"product_cat":[245],"product_tag":[],"class_list":{"0":"post-19619","1":"product","2":"type-product","3":"status-publish","4":"has-post-thumbnail","6":"product_cat-powerbank-101","7":"pa_ie-nt-ebat-10-000-mah","8":"pa_ie-nt-kirmizi-urun-hayir","9":"pa_ie-nt-renk-beyaz","10":"pa_ie-nt-renk-siyah","11":"pa_ie-nt-uretim-hayir","13":"first","14":"onbackorder","15":"taxable","16":"shipping-taxable","17":"purchasable","18":"product-type-variable","19":"has-default-attributes"},"aioseo_notices":[],"_links":{"self":[{"href":"https:\/\/panelpromosyon.com\/index.php?rest_route=\/wp\/v2\/product\/19619","targetHints":{"allow":["GET"]}}],"collection":[{"href":"https:\/\/panelpromosyon.com\/index.php?rest_route=\/wp\/v2\/product"}],"about":[{"href":"https:\/\/panelpromosyon.com\/index.php?rest_route=\/wp\/v2\/types\/product"}],"replies":[{"embeddable":true,"href":"https:\/\/panelpromosyon.com\/index.php?rest_route=%2Fwp%2Fv2%2Fcomments&post=19619"}],"wp:featuredmedia":[{"embeddable":true,"href":"https:\/\/panelpromosyon.com\/index.php?rest_route=\/wp\/v2\/media\/23966"}],"wp:attachment":[{"href":"https:\/\/panelpromosyon.com\/index.php?rest_route=%2Fwp%2Fv2%2Fmedia&parent=19619"}],"wp:term":[{"taxonomy":"product_brand","embeddable":true,"href":"https:\/\/panelpromosyon.com\/index.php?rest_route=%2Fwp%2Fv2%2Fproduct_brand&post=19619"},{"taxonomy":"product_cat","embeddable":true,"href":"https:\/\/panelpromosyon.com\/index.php?rest_route=%2Fwp%2Fv2%2Fproduct_cat&post=19619"},{"taxonomy":"product_tag","embeddable":true,"href":"https:\/\/panelpromosyon.com\/index.php?rest_route=%2Fwp%2Fv2%2Fproduct_tag&post=19619"}],"curies":[{"name":"wp","href":"https:\/\/api.w.org\/{rel}","templated":true}]}}