{"id":19614,"date":"2026-01-04T14:53:09","date_gmt":"2026-01-04T11:53:09","guid":{"rendered":"https:\/\/panelpromosyon.com\/?product=pwb-310-b-beyaz-powerbank-16965"},"modified":"2026-05-15T17:55:00","modified_gmt":"2026-05-15T14:55:00","slug":"pwb-310-b-beyaz-powerbank-16965","status":"publish","type":"product","link":"https:\/\/panelpromosyon.com\/?product=pwb-310-b-beyaz-powerbank-16965","title":{"rendered":"PWB-310-B Beyaz Powerbank"},"content":{"rendered":"<ul>\n<li> G\u00f6sterge: 3. Nesil LCD\n<li> Giri\u015f: USB C ve Micro USB\n<li> \u00c7\u0131k\u0131\u015f: Dual 3A USB A\n<li> \u00c7\u0131k\u0131\u015f 2: PD 22.5W\n<li> Kasa Malzemesi: ABS\n<li> Bask\u0131: Lazer ve UV Renkli\n<li> Kutu: Var<\/li>\n<\/ul>\n","protected":false},"excerpt":{"rendered":"<p>G\u00f6sterge: 3. Nesil LCD Giri\u015f: USB C ve Micro USB \u00c7\u0131k\u0131\u015f: Dual 3A USB A \u00c7\u0131k\u0131\u015f 2: PD 22.5W Kasa Malzemesi: ABS Bask\u0131: Lazer ve UV Renkli Kutu: Var<\/p>\n","protected":false},"featured_media":23957,"comment_status":"open","ping_status":"closed","template":"","meta":{"_monsterinsights_skip_tracking":false,"_monsterinsights_sitenote_active":false,"_monsterinsights_sitenote_note":"","_monsterinsights_sitenote_category":0},"product_brand":[],"product_cat":[245],"product_tag":[],"class_list":{"0":"post-19614","1":"product","2":"type-product","3":"status-publish","4":"has-post-thumbnail","6":"product_cat-powerbank-101","7":"pa_ie-nt-ebat-10-000-mah","8":"pa_ie-nt-kirmizi-urun-hayir","9":"pa_ie-nt-renk-beyaz","10":"pa_ie-nt-renk-kirmizi","11":"pa_ie-nt-renk-lacivert","12":"pa_ie-nt-renk-siyah","13":"pa_ie-nt-uretim-hayir","15":"first","16":"instock","17":"taxable","18":"shipping-taxable","19":"purchasable","20":"product-type-variable","21":"has-default-attributes"},"aioseo_notices":[],"_links":{"self":[{"href":"https:\/\/panelpromosyon.com\/index.php?rest_route=\/wp\/v2\/product\/19614","targetHints":{"allow":["GET"]}}],"collection":[{"href":"https:\/\/panelpromosyon.com\/index.php?rest_route=\/wp\/v2\/product"}],"about":[{"href":"https:\/\/panelpromosyon.com\/index.php?rest_route=\/wp\/v2\/types\/product"}],"replies":[{"embeddable":true,"href":"https:\/\/panelpromosyon.com\/index.php?rest_route=%2Fwp%2Fv2%2Fcomments&post=19614"}],"wp:featuredmedia":[{"embeddable":true,"href":"https:\/\/panelpromosyon.com\/index.php?rest_route=\/wp\/v2\/media\/23957"}],"wp:attachment":[{"href":"https:\/\/panelpromosyon.com\/index.php?rest_route=%2Fwp%2Fv2%2Fmedia&parent=19614"}],"wp:term":[{"taxonomy":"product_brand","embeddable":true,"href":"https:\/\/panelpromosyon.com\/index.php?rest_route=%2Fwp%2Fv2%2Fproduct_brand&post=19614"},{"taxonomy":"product_cat","embeddable":true,"href":"https:\/\/panelpromosyon.com\/index.php?rest_route=%2Fwp%2Fv2%2Fproduct_cat&post=19614"},{"taxonomy":"product_tag","embeddable":true,"href":"https:\/\/panelpromosyon.com\/index.php?rest_route=%2Fwp%2Fv2%2Fproduct_tag&post=19614"}],"curies":[{"name":"wp","href":"https:\/\/api.w.org\/{rel}","templated":true}]}}