{"id":19426,"date":"2026-01-04T14:50:55","date_gmt":"2026-01-04T11:50:55","guid":{"rendered":"https:\/\/panelpromosyon.com\/?product=w810-ekonomik-masa-sumeni-17165"},"modified":"2026-05-15T15:04:48","modified_gmt":"2026-05-15T12:04:48","slug":"w810-ekonomik-masa-sumeni-17165","status":"publish","type":"product","link":"https:\/\/panelpromosyon.com\/?product=w810-ekonomik-masa-sumeni-17165","title":{"rendered":"W810 Ekonomik Masa S\u00fcmeni"},"content":{"rendered":"<ul>\n<li> 6 Par\u00e7a\n<li> Masa S\u00fcmeni\n<li> Kalemlik\n<li> Ka\u011f\u0131tl\u0131k\n<li> K\u00fcp Notluk\n<li> Mouse Pad\n<li> Bardak Altl\u0131\u011f\u0131<\/li>\n<\/ul>\n","protected":false},"excerpt":{"rendered":"<p>6 Par\u00e7a Masa S\u00fcmeni Kalemlik Ka\u011f\u0131tl\u0131k K\u00fcp Notluk Mouse Pad Bardak Altl\u0131\u011f\u0131<\/p>\n","protected":false},"featured_media":23552,"comment_status":"open","ping_status":"closed","template":"","meta":{"_monsterinsights_skip_tracking":false,"_monsterinsights_sitenote_active":false,"_monsterinsights_sitenote_note":"","_monsterinsights_sitenote_category":0},"product_brand":[],"product_cat":[240],"product_tag":[],"class_list":{"0":"post-19426","1":"product","2":"type-product","3":"status-publish","4":"has-post-thumbnail","6":"product_cat-masa-sumenleri-78","7":"pa_ie-nt-kirmizi-urun-evet","8":"pa_ie-nt-uretim-hayir","10":"first","11":"instock","12":"taxable","13":"shipping-taxable","14":"purchasable","15":"product-type-simple"},"aioseo_notices":[],"_links":{"self":[{"href":"https:\/\/panelpromosyon.com\/index.php?rest_route=\/wp\/v2\/product\/19426","targetHints":{"allow":["GET"]}}],"collection":[{"href":"https:\/\/panelpromosyon.com\/index.php?rest_route=\/wp\/v2\/product"}],"about":[{"href":"https:\/\/panelpromosyon.com\/index.php?rest_route=\/wp\/v2\/types\/product"}],"replies":[{"embeddable":true,"href":"https:\/\/panelpromosyon.com\/index.php?rest_route=%2Fwp%2Fv2%2Fcomments&post=19426"}],"wp:featuredmedia":[{"embeddable":true,"href":"https:\/\/panelpromosyon.com\/index.php?rest_route=\/wp\/v2\/media\/23552"}],"wp:attachment":[{"href":"https:\/\/panelpromosyon.com\/index.php?rest_route=%2Fwp%2Fv2%2Fmedia&parent=19426"}],"wp:term":[{"taxonomy":"product_brand","embeddable":true,"href":"https:\/\/panelpromosyon.com\/index.php?rest_route=%2Fwp%2Fv2%2Fproduct_brand&post=19426"},{"taxonomy":"product_cat","embeddable":true,"href":"https:\/\/panelpromosyon.com\/index.php?rest_route=%2Fwp%2Fv2%2Fproduct_cat&post=19426"},{"taxonomy":"product_tag","embeddable":true,"href":"https:\/\/panelpromosyon.com\/index.php?rest_route=%2Fwp%2Fv2%2Fproduct_tag&post=19426"}],"curies":[{"name":"wp","href":"https:\/\/api.w.org\/{rel}","templated":true}]}}