{"id":19316,"date":"2026-01-04T14:49:10","date_gmt":"2026-01-04T11:49:10","guid":{"rendered":"https:\/\/panelpromosyon.com\/?product=an-5225-l-lacivert-cift-yon-anahtarlik-17343"},"modified":"2026-05-02T15:41:09","modified_gmt":"2026-05-02T12:41:09","slug":"an-5225-l-lacivert-cift-yon-anahtarlik-17343","status":"publish","type":"product","link":"https:\/\/panelpromosyon.com\/?product=an-5225-l-lacivert-cift-yon-anahtarlik-17343","title":{"rendered":"AN-5225-L Lacivert \u00c7ift Y\u00f6n Anahtarl\u0131k"},"content":{"rendered":"<ul>\n<li> Bask\u0131: Lazer<\/li>\n<\/ul>\n","protected":false},"excerpt":{"rendered":"<p>Bask\u0131: Lazer<\/p>\n","protected":false},"featured_media":23389,"comment_status":"open","ping_status":"closed","template":"","meta":{"_monsterinsights_skip_tracking":false,"_monsterinsights_sitenote_active":false,"_monsterinsights_sitenote_note":"","_monsterinsights_sitenote_category":0},"product_brand":[],"product_cat":[248],"product_tag":[],"class_list":{"0":"post-19316","1":"product","2":"type-product","3":"status-publish","4":"has-post-thumbnail","6":"product_cat-anahtarliklar-13","7":"pa_ie-nt-ebat-35-x-9-cm","8":"pa_ie-nt-ebat-90-x-35-mm","9":"pa_ie-nt-kirmizi-urun-hayir","10":"pa_ie-nt-renk-fume","11":"pa_ie-nt-renk-kirmizi","12":"pa_ie-nt-renk-lacivert","13":"pa_ie-nt-uretim-hayir","15":"first","16":"instock","17":"taxable","18":"shipping-taxable","19":"purchasable","20":"product-type-variable","21":"has-default-attributes"},"aioseo_notices":[],"_links":{"self":[{"href":"https:\/\/panelpromosyon.com\/index.php?rest_route=\/wp\/v2\/product\/19316","targetHints":{"allow":["GET"]}}],"collection":[{"href":"https:\/\/panelpromosyon.com\/index.php?rest_route=\/wp\/v2\/product"}],"about":[{"href":"https:\/\/panelpromosyon.com\/index.php?rest_route=\/wp\/v2\/types\/product"}],"replies":[{"embeddable":true,"href":"https:\/\/panelpromosyon.com\/index.php?rest_route=%2Fwp%2Fv2%2Fcomments&post=19316"}],"wp:featuredmedia":[{"embeddable":true,"href":"https:\/\/panelpromosyon.com\/index.php?rest_route=\/wp\/v2\/media\/23389"}],"wp:attachment":[{"href":"https:\/\/panelpromosyon.com\/index.php?rest_route=%2Fwp%2Fv2%2Fmedia&parent=19316"}],"wp:term":[{"taxonomy":"product_brand","embeddable":true,"href":"https:\/\/panelpromosyon.com\/index.php?rest_route=%2Fwp%2Fv2%2Fproduct_brand&post=19316"},{"taxonomy":"product_cat","embeddable":true,"href":"https:\/\/panelpromosyon.com\/index.php?rest_route=%2Fwp%2Fv2%2Fproduct_cat&post=19316"},{"taxonomy":"product_tag","embeddable":true,"href":"https:\/\/panelpromosyon.com\/index.php?rest_route=%2Fwp%2Fv2%2Fproduct_tag&post=19316"}],"curies":[{"name":"wp","href":"https:\/\/api.w.org\/{rel}","templated":true}]}}