{"id":19157,"date":"2026-01-04T14:46:46","date_gmt":"2026-01-04T11:46:46","guid":{"rendered":"https:\/\/panelpromosyon.com\/?product=pwb-110-b-beyaz-magsafe-powerbank-17487"},"modified":"2026-05-15T18:27:52","modified_gmt":"2026-05-15T15:27:52","slug":"pwb-110-b-beyaz-magsafe-powerbank-17487","status":"publish","type":"product","link":"https:\/\/panelpromosyon.com\/?product=pwb-110-b-beyaz-magsafe-powerbank-17487","title":{"rendered":"PWB-110-B Beyaz MagSafe Powerbank"},"content":{"rendered":"<ul>\n<li> G\u00f6sterge: 4 Kademe LED\n<li> Giri\u015f:  Type C 5V\/2A\n<li> \u00c7\u0131k\u0131\u015f: Wireless 5W\n<li> Kasa Malzemesi: ABS\n<li> Bask\u0131: UV Renkli<\/li>\n<\/ul>\n","protected":false},"excerpt":{"rendered":"<p>G\u00f6sterge: 4 Kademe LED Giri\u015f: Type C 5V\/2A \u00c7\u0131k\u0131\u015f: Wireless 5W Kasa Malzemesi: ABS Bask\u0131: UV Renkli<\/p>\n","protected":false},"featured_media":23114,"comment_status":"open","ping_status":"closed","template":"","meta":{"_monsterinsights_skip_tracking":false,"_monsterinsights_sitenote_active":false,"_monsterinsights_sitenote_note":"","_monsterinsights_sitenote_category":0},"product_brand":[],"product_cat":[245],"product_tag":[],"class_list":{"0":"post-19157","1":"product","2":"type-product","3":"status-publish","4":"has-post-thumbnail","6":"product_cat-powerbank-101","7":"pa_ie-nt-ebat-10-000-mah","8":"pa_ie-nt-kirmizi-urun-hayir","9":"pa_ie-nt-renk-beyaz","10":"pa_ie-nt-renk-siyah","11":"pa_ie-nt-uretim-hayir","13":"first","14":"onbackorder","15":"taxable","16":"shipping-taxable","17":"purchasable","18":"product-type-variable","19":"has-default-attributes"},"aioseo_notices":[],"_links":{"self":[{"href":"https:\/\/panelpromosyon.com\/index.php?rest_route=\/wp\/v2\/product\/19157","targetHints":{"allow":["GET"]}}],"collection":[{"href":"https:\/\/panelpromosyon.com\/index.php?rest_route=\/wp\/v2\/product"}],"about":[{"href":"https:\/\/panelpromosyon.com\/index.php?rest_route=\/wp\/v2\/types\/product"}],"replies":[{"embeddable":true,"href":"https:\/\/panelpromosyon.com\/index.php?rest_route=%2Fwp%2Fv2%2Fcomments&post=19157"}],"wp:featuredmedia":[{"embeddable":true,"href":"https:\/\/panelpromosyon.com\/index.php?rest_route=\/wp\/v2\/media\/23114"}],"wp:attachment":[{"href":"https:\/\/panelpromosyon.com\/index.php?rest_route=%2Fwp%2Fv2%2Fmedia&parent=19157"}],"wp:term":[{"taxonomy":"product_brand","embeddable":true,"href":"https:\/\/panelpromosyon.com\/index.php?rest_route=%2Fwp%2Fv2%2Fproduct_brand&post=19157"},{"taxonomy":"product_cat","embeddable":true,"href":"https:\/\/panelpromosyon.com\/index.php?rest_route=%2Fwp%2Fv2%2Fproduct_cat&post=19157"},{"taxonomy":"product_tag","embeddable":true,"href":"https:\/\/panelpromosyon.com\/index.php?rest_route=%2Fwp%2Fv2%2Fproduct_tag&post=19157"}],"curies":[{"name":"wp","href":"https:\/\/api.w.org\/{rel}","templated":true}]}}