{"id":19154,"date":"2026-01-04T14:46:43","date_gmt":"2026-01-04T11:46:43","guid":{"rendered":"https:\/\/panelpromosyon.com\/?product=pwb-650-s-siyah-magsafe-powerbank-17489"},"modified":"2026-04-17T22:39:47","modified_gmt":"2026-04-17T19:39:47","slug":"pwb-650-s-siyah-magsafe-powerbank-17489","status":"publish","type":"product","link":"https:\/\/panelpromosyon.com\/?product=pwb-650-s-siyah-magsafe-powerbank-17489","title":{"rendered":"PWB-650-S Siyah MagSafe Powerbank"},"content":{"rendered":"<ul>\n<li> H\u0131zl\u0131 \u015earj: Var\n<li> G\u00f6sterge: 4 Kademe LED\n<li> Giri\u015f: Type C 5V\/2A\n<li> \u00c7\u0131k\u0131\u015f: USB 5V\/2A\n<li> Kasa Malzemesi: ABS\n<li> Bask\u0131: UV Renkli\n<li> Kutu: Var<\/li>\n<\/ul>\n","protected":false},"excerpt":{"rendered":"<p>H\u0131zl\u0131 \u015earj: Var G\u00f6sterge: 4 Kademe LED Giri\u015f: Type C 5V\/2A \u00c7\u0131k\u0131\u015f: USB 5V\/2A Kasa Malzemesi: ABS Bask\u0131: UV Renkli Kutu: Var<\/p>\n","protected":false},"featured_media":23109,"comment_status":"open","ping_status":"closed","template":"","meta":{"_monsterinsights_skip_tracking":false,"_monsterinsights_sitenote_active":false,"_monsterinsights_sitenote_note":"","_monsterinsights_sitenote_category":0},"product_brand":[],"product_cat":[245],"product_tag":[],"class_list":{"0":"post-19154","1":"product","2":"type-product","3":"status-publish","4":"has-post-thumbnail","6":"product_cat-powerbank-101","7":"pa_ie-nt-ebat-5-000-mah","8":"pa_ie-nt-kirmizi-urun-hayir","9":"pa_ie-nt-renk-beyaz","10":"pa_ie-nt-renk-siyah","11":"pa_ie-nt-uretim-hayir","13":"first","14":"onbackorder","15":"taxable","16":"shipping-taxable","17":"purchasable","18":"product-type-variable","19":"has-default-attributes"},"aioseo_notices":[],"_links":{"self":[{"href":"https:\/\/panelpromosyon.com\/index.php?rest_route=\/wp\/v2\/product\/19154","targetHints":{"allow":["GET"]}}],"collection":[{"href":"https:\/\/panelpromosyon.com\/index.php?rest_route=\/wp\/v2\/product"}],"about":[{"href":"https:\/\/panelpromosyon.com\/index.php?rest_route=\/wp\/v2\/types\/product"}],"replies":[{"embeddable":true,"href":"https:\/\/panelpromosyon.com\/index.php?rest_route=%2Fwp%2Fv2%2Fcomments&post=19154"}],"wp:featuredmedia":[{"embeddable":true,"href":"https:\/\/panelpromosyon.com\/index.php?rest_route=\/wp\/v2\/media\/23109"}],"wp:attachment":[{"href":"https:\/\/panelpromosyon.com\/index.php?rest_route=%2Fwp%2Fv2%2Fmedia&parent=19154"}],"wp:term":[{"taxonomy":"product_brand","embeddable":true,"href":"https:\/\/panelpromosyon.com\/index.php?rest_route=%2Fwp%2Fv2%2Fproduct_brand&post=19154"},{"taxonomy":"product_cat","embeddable":true,"href":"https:\/\/panelpromosyon.com\/index.php?rest_route=%2Fwp%2Fv2%2Fproduct_cat&post=19154"},{"taxonomy":"product_tag","embeddable":true,"href":"https:\/\/panelpromosyon.com\/index.php?rest_route=%2Fwp%2Fv2%2Fproduct_tag&post=19154"}],"curies":[{"name":"wp","href":"https:\/\/api.w.org\/{rel}","templated":true}]}}