{"id":18956,"date":"2026-01-04T14:44:13","date_gmt":"2026-01-04T11:44:13","guid":{"rendered":"https:\/\/panelpromosyon.com\/?product=an-3040-k-kirmizi-tek-yon-anahtarlik-17675"},"modified":"2026-05-02T13:45:32","modified_gmt":"2026-05-02T10:45:32","slug":"an-3040-k-kirmizi-tek-yon-anahtarlik-17675","status":"publish","type":"product","link":"https:\/\/panelpromosyon.com\/?product=an-3040-k-kirmizi-tek-yon-anahtarlik-17675","title":{"rendered":"AN-3040-K K\u0131rm\u0131z\u0131 Tek Y\u00f6n Anahtarl\u0131k"},"content":{"rendered":"<ul>\n<li> Bask\u0131: Lazer<\/li>\n<\/ul>\n","protected":false},"excerpt":{"rendered":"<p>Bask\u0131: Lazer<\/p>\n","protected":false},"featured_media":22667,"comment_status":"open","ping_status":"closed","template":"","meta":{"_monsterinsights_skip_tracking":false,"_monsterinsights_sitenote_active":false,"_monsterinsights_sitenote_note":"","_monsterinsights_sitenote_category":0},"product_brand":[],"product_cat":[248],"product_tag":[],"class_list":{"0":"post-18956","1":"product","2":"type-product","3":"status-publish","4":"has-post-thumbnail","6":"product_cat-anahtarliklar-13","7":"pa_ie-nt-ebat-23-x-11-cm","8":"pa_ie-nt-kirmizi-urun-hayir","9":"pa_ie-nt-renk-kirmizi","10":"pa_ie-nt-renk-lacivert","11":"pa_ie-nt-renk-siyah","12":"pa_ie-nt-uretim-hayir","14":"first","15":"instock","16":"taxable","17":"shipping-taxable","18":"purchasable","19":"product-type-variable","20":"has-default-attributes"},"aioseo_notices":[],"_links":{"self":[{"href":"https:\/\/panelpromosyon.com\/index.php?rest_route=\/wp\/v2\/product\/18956","targetHints":{"allow":["GET"]}}],"collection":[{"href":"https:\/\/panelpromosyon.com\/index.php?rest_route=\/wp\/v2\/product"}],"about":[{"href":"https:\/\/panelpromosyon.com\/index.php?rest_route=\/wp\/v2\/types\/product"}],"replies":[{"embeddable":true,"href":"https:\/\/panelpromosyon.com\/index.php?rest_route=%2Fwp%2Fv2%2Fcomments&post=18956"}],"wp:featuredmedia":[{"embeddable":true,"href":"https:\/\/panelpromosyon.com\/index.php?rest_route=\/wp\/v2\/media\/22667"}],"wp:attachment":[{"href":"https:\/\/panelpromosyon.com\/index.php?rest_route=%2Fwp%2Fv2%2Fmedia&parent=18956"}],"wp:term":[{"taxonomy":"product_brand","embeddable":true,"href":"https:\/\/panelpromosyon.com\/index.php?rest_route=%2Fwp%2Fv2%2Fproduct_brand&post=18956"},{"taxonomy":"product_cat","embeddable":true,"href":"https:\/\/panelpromosyon.com\/index.php?rest_route=%2Fwp%2Fv2%2Fproduct_cat&post=18956"},{"taxonomy":"product_tag","embeddable":true,"href":"https:\/\/panelpromosyon.com\/index.php?rest_route=%2Fwp%2Fv2%2Fproduct_tag&post=18956"}],"curies":[{"name":"wp","href":"https:\/\/api.w.org\/{rel}","templated":true}]}}