{"id":18909,"date":"2026-01-04T14:43:35","date_gmt":"2026-01-04T11:43:35","guid":{"rendered":"https:\/\/panelpromosyon.com\/?product=amt-07-sivama-tasiyicili-masa-takvimi-17714"},"modified":"2026-04-17T17:14:02","modified_gmt":"2026-04-17T14:14:02","slug":"amt-07-sivama-tasiyicili-masa-takvimi-17714","status":"publish","type":"product","link":"https:\/\/panelpromosyon.com\/?product=amt-07-sivama-tasiyicili-masa-takvimi-17714","title":{"rendered":"AMT-07 S\u0131vama Ta\u015f\u0131y\u0131c\u0131l\u0131 Masa Takvimi"},"content":{"rendered":"<ul>\n<li> Ta\u015f\u0131y\u0131c\u0131 Ebat \u00d6nerileri: 17&#215;15 \/ 20&#215;14 cm 15&#215;17 \/ 20&#215;17 cm \/ 23&#215;17 cm\n<li> \u0130stenilen t\u00fcm ebatlarda \u00fcretim yap\u0131l\u0131r.\n<li> Ta\u015f\u0131y\u0131c\u0131 Ka\u011f\u0131t Se\u00e7enekleri: 700 Gram Amerikan Bristol, 700 Gram Kraft\n<li> \u00d6zel \u00fcretim \u00fcr\u00fcnd\u00fcr. Talep edilen \u00f6zelliklere g\u00f6re, \u00f6zel fiyat \u00e7al\u0131\u015f\u0131lmaktad\u0131r.<\/li>\n<\/ul>\n","protected":false},"excerpt":{"rendered":"<p>Ta\u015f\u0131y\u0131c\u0131 Ebat \u00d6nerileri: 17&#215;15 \/ 20&#215;14 cm 15&#215;17 \/ 20&#215;17 cm \/ 23&#215;17 cm \u0130stenilen t\u00fcm ebatlarda \u00fcretim yap\u0131l\u0131r. Ta\u015f\u0131y\u0131c\u0131 Ka\u011f\u0131t Se\u00e7enekleri: 700 Gram Amerikan Bristol, 700 Gram Kraft \u00d6zel \u00fcretim \u00fcr\u00fcnd\u00fcr. Talep edilen \u00f6zelliklere g\u00f6re, \u00f6zel fiyat \u00e7al\u0131\u015f\u0131lmaktad\u0131r.<\/p>\n","protected":false},"featured_media":22613,"comment_status":"open","ping_status":"closed","template":"","meta":{"_monsterinsights_skip_tracking":false,"_monsterinsights_sitenote_active":false,"_monsterinsights_sitenote_note":"","_monsterinsights_sitenote_category":0},"product_brand":[],"product_cat":[205],"product_tag":[],"class_list":{"0":"post-18909","1":"product","2":"type-product","3":"status-publish","4":"has-post-thumbnail","6":"product_cat-masa-takvimleri-9","7":"pa_ie-nt-kirmizi-urun-hayir","8":"pa_ie-nt-uretim-hayir","10":"first","11":"onbackorder","12":"taxable","13":"shipping-taxable","14":"purchasable","15":"product-type-simple"},"aioseo_notices":[],"_links":{"self":[{"href":"https:\/\/panelpromosyon.com\/index.php?rest_route=\/wp\/v2\/product\/18909","targetHints":{"allow":["GET"]}}],"collection":[{"href":"https:\/\/panelpromosyon.com\/index.php?rest_route=\/wp\/v2\/product"}],"about":[{"href":"https:\/\/panelpromosyon.com\/index.php?rest_route=\/wp\/v2\/types\/product"}],"replies":[{"embeddable":true,"href":"https:\/\/panelpromosyon.com\/index.php?rest_route=%2Fwp%2Fv2%2Fcomments&post=18909"}],"wp:featuredmedia":[{"embeddable":true,"href":"https:\/\/panelpromosyon.com\/index.php?rest_route=\/wp\/v2\/media\/22613"}],"wp:attachment":[{"href":"https:\/\/panelpromosyon.com\/index.php?rest_route=%2Fwp%2Fv2%2Fmedia&parent=18909"}],"wp:term":[{"taxonomy":"product_brand","embeddable":true,"href":"https:\/\/panelpromosyon.com\/index.php?rest_route=%2Fwp%2Fv2%2Fproduct_brand&post=18909"},{"taxonomy":"product_cat","embeddable":true,"href":"https:\/\/panelpromosyon.com\/index.php?rest_route=%2Fwp%2Fv2%2Fproduct_cat&post=18909"},{"taxonomy":"product_tag","embeddable":true,"href":"https:\/\/panelpromosyon.com\/index.php?rest_route=%2Fwp%2Fv2%2Fproduct_tag&post=18909"}],"curies":[{"name":"wp","href":"https:\/\/api.w.org\/{rel}","templated":true}]}}