{"id":18908,"date":"2026-01-04T14:43:33","date_gmt":"2026-01-04T11:43:33","guid":{"rendered":"https:\/\/panelpromosyon.com\/?product=amt-06-karton-tasiyicili-masa-takvimi-17715"},"modified":"2026-04-17T18:19:59","modified_gmt":"2026-04-17T15:19:59","slug":"amt-06-karton-tasiyicili-masa-takvimi-17715","status":"publish","type":"product","link":"https:\/\/panelpromosyon.com\/?product=amt-06-karton-tasiyicili-masa-takvimi-17715","title":{"rendered":"AMT-06 Karton Ta\u015f\u0131y\u0131c\u0131l\u0131 Masa Takvimi"},"content":{"rendered":"<ul>\n<li> Ta\u015f\u0131y\u0131c\u0131: 400gr. A.Bristol\n<li> 400gr. Kraft\n<li> Yaprak Ka\u011f\u0131t Se\u00e7enekleri: 170gr. Ku\u015fe, 200gr. Ku\u015fe, 250gr. Ku\u015fe, 300gr. Ku\u015fe\n<li> Ta\u015f\u0131c\u0131 Ebat \u00d6nerileri: En x Boy: 17x15cm, 20x14cm, 15x17cm, 20x17cm, 23x17cm\n<li> \u0130stenilen t\u00fcm ebatlarda \u00fcretim yap\u0131labilir<\/li>\n<\/ul>\n","protected":false},"excerpt":{"rendered":"<p>Ta\u015f\u0131y\u0131c\u0131: 400gr. A.Bristol 400gr. Kraft Yaprak Ka\u011f\u0131t Se\u00e7enekleri: 170gr. Ku\u015fe, 200gr. Ku\u015fe, 250gr. Ku\u015fe, 300gr. Ku\u015fe Ta\u015f\u0131c\u0131 Ebat \u00d6nerileri: En x Boy: 17x15cm, 20x14cm, 15x17cm, 20x17cm, 23x17cm \u0130stenilen t\u00fcm ebatlarda \u00fcretim yap\u0131labilir<\/p>\n","protected":false},"featured_media":22611,"comment_status":"open","ping_status":"closed","template":"","meta":{"_monsterinsights_skip_tracking":false,"_monsterinsights_sitenote_active":false,"_monsterinsights_sitenote_note":"","_monsterinsights_sitenote_category":0},"product_brand":[],"product_cat":[205],"product_tag":[],"class_list":{"0":"post-18908","1":"product","2":"type-product","3":"status-publish","4":"has-post-thumbnail","6":"product_cat-masa-takvimleri-9","7":"pa_ie-nt-kirmizi-urun-hayir","8":"pa_ie-nt-uretim-hayir","10":"first","11":"onbackorder","12":"taxable","13":"shipping-taxable","14":"purchasable","15":"product-type-simple"},"aioseo_notices":[],"_links":{"self":[{"href":"https:\/\/panelpromosyon.com\/index.php?rest_route=\/wp\/v2\/product\/18908","targetHints":{"allow":["GET"]}}],"collection":[{"href":"https:\/\/panelpromosyon.com\/index.php?rest_route=\/wp\/v2\/product"}],"about":[{"href":"https:\/\/panelpromosyon.com\/index.php?rest_route=\/wp\/v2\/types\/product"}],"replies":[{"embeddable":true,"href":"https:\/\/panelpromosyon.com\/index.php?rest_route=%2Fwp%2Fv2%2Fcomments&post=18908"}],"wp:featuredmedia":[{"embeddable":true,"href":"https:\/\/panelpromosyon.com\/index.php?rest_route=\/wp\/v2\/media\/22611"}],"wp:attachment":[{"href":"https:\/\/panelpromosyon.com\/index.php?rest_route=%2Fwp%2Fv2%2Fmedia&parent=18908"}],"wp:term":[{"taxonomy":"product_brand","embeddable":true,"href":"https:\/\/panelpromosyon.com\/index.php?rest_route=%2Fwp%2Fv2%2Fproduct_brand&post=18908"},{"taxonomy":"product_cat","embeddable":true,"href":"https:\/\/panelpromosyon.com\/index.php?rest_route=%2Fwp%2Fv2%2Fproduct_cat&post=18908"},{"taxonomy":"product_tag","embeddable":true,"href":"https:\/\/panelpromosyon.com\/index.php?rest_route=%2Fwp%2Fv2%2Fproduct_tag&post=18908"}],"curies":[{"name":"wp","href":"https:\/\/api.w.org\/{rel}","templated":true}]}}