{"id":18711,"date":"2026-01-04T14:40:29","date_gmt":"2026-01-04T11:40:29","guid":{"rendered":"https:\/\/panelpromosyon.com\/?product=ms-10-48x34-tarihsiz-masa-sumeni-17858"},"modified":"2026-04-27T22:42:15","modified_gmt":"2026-04-27T19:42:15","slug":"ms-10-48x34-tarihsiz-masa-sumeni-17858","status":"publish","type":"product","link":"https:\/\/panelpromosyon.com\/?product=ms-10-48x34-tarihsiz-masa-sumeni-17858","title":{"rendered":"MS-10-48&#215;34 Tarihsiz Masa S\u00fcmeni"},"content":{"rendered":"<ul>\n<li> Cilt: Spiralli\n<li> Kapak: 300 gram Amerikan Bristol\n<li> Selefon: Mat \/ Parlak\n<li> \u0130\u00e7: 80 gr 1. Hamur\n<li> Yaprak Say\u0131s\u0131: 52\n<li> Farkl\u0131 ebat ve \u00f6zelliklerde \u00fcretilebilir.<\/li>\n<\/ul>\n","protected":false},"excerpt":{"rendered":"<p>Cilt: Spiralli Kapak: 300 gram Amerikan Bristol Selefon: Mat \/ Parlak \u0130\u00e7: 80 gr 1. Hamur Yaprak Say\u0131s\u0131: 52 Farkl\u0131 ebat ve \u00f6zelliklerde \u00fcretilebilir.<\/p>\n","protected":false},"featured_media":22203,"comment_status":"open","ping_status":"closed","template":"","meta":{"_monsterinsights_skip_tracking":false,"_monsterinsights_sitenote_active":false,"_monsterinsights_sitenote_note":"","_monsterinsights_sitenote_category":0},"product_brand":[],"product_cat":[208],"product_tag":[],"class_list":{"0":"post-18711","1":"product","2":"type-product","3":"status-publish","4":"has-post-thumbnail","6":"product_cat-bloknotlar-ve-sumenler-128","7":"pa_ie-nt-ebat-32-x-12-cm","8":"pa_ie-nt-ebat-40-x-28-cm","9":"pa_ie-nt-ebat-43-x-31-cm","10":"pa_ie-nt-ebat-48-x-34-cm","11":"pa_ie-nt-kirmizi-urun-hayir","12":"pa_ie-nt-uretim-evet","14":"first","15":"onbackorder","16":"taxable","17":"shipping-taxable","18":"purchasable","19":"product-type-variable","20":"has-default-attributes"},"aioseo_notices":[],"_links":{"self":[{"href":"https:\/\/panelpromosyon.com\/index.php?rest_route=\/wp\/v2\/product\/18711","targetHints":{"allow":["GET"]}}],"collection":[{"href":"https:\/\/panelpromosyon.com\/index.php?rest_route=\/wp\/v2\/product"}],"about":[{"href":"https:\/\/panelpromosyon.com\/index.php?rest_route=\/wp\/v2\/types\/product"}],"replies":[{"embeddable":true,"href":"https:\/\/panelpromosyon.com\/index.php?rest_route=%2Fwp%2Fv2%2Fcomments&post=18711"}],"wp:featuredmedia":[{"embeddable":true,"href":"https:\/\/panelpromosyon.com\/index.php?rest_route=\/wp\/v2\/media\/22203"}],"wp:attachment":[{"href":"https:\/\/panelpromosyon.com\/index.php?rest_route=%2Fwp%2Fv2%2Fmedia&parent=18711"}],"wp:term":[{"taxonomy":"product_brand","embeddable":true,"href":"https:\/\/panelpromosyon.com\/index.php?rest_route=%2Fwp%2Fv2%2Fproduct_brand&post=18711"},{"taxonomy":"product_cat","embeddable":true,"href":"https:\/\/panelpromosyon.com\/index.php?rest_route=%2Fwp%2Fv2%2Fproduct_cat&post=18711"},{"taxonomy":"product_tag","embeddable":true,"href":"https:\/\/panelpromosyon.com\/index.php?rest_route=%2Fwp%2Fv2%2Fproduct_tag&post=18711"}],"curies":[{"name":"wp","href":"https:\/\/api.w.org\/{rel}","templated":true}]}}