{"id":18700,"date":"2026-01-04T14:40:09","date_gmt":"2026-01-04T11:40:09","guid":{"rendered":"https:\/\/panelpromosyon.com\/?product=amt-03-kt-kirmizi-taslama-anadolu-masa-takvimi-17868"},"modified":"2026-04-27T21:37:35","modified_gmt":"2026-04-27T18:37:35","slug":"amt-03-kt-kirmizi-taslama-anadolu-masa-takvimi-17868","status":"publish","type":"product","link":"https:\/\/panelpromosyon.com\/?product=amt-03-kt-kirmizi-taslama-anadolu-masa-takvimi-17868","title":{"rendered":"AMT-03-KT K\u0131rm\u0131z\u0131 &#8211; Taslama Anadolu Masa Takvimi"},"content":{"rendered":"<ul>\n<li> Ta\u015f\u0131y\u0131c\u0131 Ebat: 20 x 14 x 7 cm\n<li> Ta\u015f\u0131y\u0131c\u0131 Ka\u011f\u0131t: 400 gram A. Bristol\n<li> Ta\u015f\u0131y\u0131c\u0131 Cilt: Taslama \/ Biala\n<li> Yaprak Ebat: 20 x 11 cm\n<li> Yaprak Ka\u011f\u0131t: 170 gram Parlak Ku\u015fe\n<li> Yaprak Say\u0131s\u0131: 13<\/li>\n<\/ul>\n","protected":false},"excerpt":{"rendered":"<p>Ta\u015f\u0131y\u0131c\u0131 Ebat: 20 x 14 x 7 cm Ta\u015f\u0131y\u0131c\u0131 Ka\u011f\u0131t: 400 gram A. Bristol Ta\u015f\u0131y\u0131c\u0131 Cilt: Taslama \/ Biala Yaprak Ebat: 20 x 11 cm Yaprak Ka\u011f\u0131t: 170 gram Parlak Ku\u015fe Yaprak Say\u0131s\u0131: 13<\/p>\n","protected":false},"featured_media":22192,"comment_status":"open","ping_status":"closed","template":"","meta":{"_monsterinsights_skip_tracking":false,"_monsterinsights_sitenote_active":false,"_monsterinsights_sitenote_note":"","_monsterinsights_sitenote_category":0},"product_brand":[],"product_cat":[205],"product_tag":[],"class_list":{"0":"post-18700","1":"product","2":"type-product","3":"status-publish","4":"has-post-thumbnail","6":"product_cat-masa-takvimleri-9","7":"pa_ie-nt-ebat-20-x-14-x-7-cm","8":"pa_ie-nt-kirmizi-urun-hayir","9":"pa_ie-nt-renk-kirmizi-taslama","10":"pa_ie-nt-uretim-hayir","12":"first","13":"onbackorder","14":"taxable","15":"shipping-taxable","16":"purchasable","17":"product-type-simple"},"aioseo_notices":[],"_links":{"self":[{"href":"https:\/\/panelpromosyon.com\/index.php?rest_route=\/wp\/v2\/product\/18700","targetHints":{"allow":["GET"]}}],"collection":[{"href":"https:\/\/panelpromosyon.com\/index.php?rest_route=\/wp\/v2\/product"}],"about":[{"href":"https:\/\/panelpromosyon.com\/index.php?rest_route=\/wp\/v2\/types\/product"}],"replies":[{"embeddable":true,"href":"https:\/\/panelpromosyon.com\/index.php?rest_route=%2Fwp%2Fv2%2Fcomments&post=18700"}],"wp:featuredmedia":[{"embeddable":true,"href":"https:\/\/panelpromosyon.com\/index.php?rest_route=\/wp\/v2\/media\/22192"}],"wp:attachment":[{"href":"https:\/\/panelpromosyon.com\/index.php?rest_route=%2Fwp%2Fv2%2Fmedia&parent=18700"}],"wp:term":[{"taxonomy":"product_brand","embeddable":true,"href":"https:\/\/panelpromosyon.com\/index.php?rest_route=%2Fwp%2Fv2%2Fproduct_brand&post=18700"},{"taxonomy":"product_cat","embeddable":true,"href":"https:\/\/panelpromosyon.com\/index.php?rest_route=%2Fwp%2Fv2%2Fproduct_cat&post=18700"},{"taxonomy":"product_tag","embeddable":true,"href":"https:\/\/panelpromosyon.com\/index.php?rest_route=%2Fwp%2Fv2%2Fproduct_tag&post=18700"}],"curies":[{"name":"wp","href":"https:\/\/api.w.org\/{rel}","templated":true}]}}